{"id":9,"date":"2012-03-17T16:11:47","date_gmt":"2012-03-17T15:11:47","guid":{"rendered":"http:\/\/drk.hgdrn.de\/?page_id=9"},"modified":"2021-11-09T18:41:31","modified_gmt":"2021-11-09T17:41:31","slug":"windows","status":"publish","type":"page","link":"https:\/\/www.dirk-hagedorn.de\/?page_id=9","title":{"rendered":"Windows"},"content":{"rendered":"<p>Lange Zeit war ich mit meinem Atari Mega STE4 gl\u00fccklich und zufrieden, aber der Wunsch nach einem Notebook wurde gr\u00f6\u00dfer und gr\u00f6\u00dfer, und Atari bot mit dem <a href=\"http:\/\/de.wikipedia.org\/wiki\/Atari_ST#Tragbar\" title=\"Wikipedia\" target=\"_blank\" rel=\"noopener\">Stacy<\/a> nicht wirklich brauchbare oder tragbare Hardware an.<\/p>\n<p>Und so g\u00f6nnte ich mir ein kleines Compaq-Notebook, in dem ein Intel 486 mit 50 MHz sowie 4 MB RAM und eine 120 MB HDD steckten. Als Betriebssystem lief Windows 3.11, deshalb findet man unten sogar noch 16-bit-Compilate. \ud83d\ude09<\/p>\n<table cellspacing=\"2\" cellpadding=\"2\" border=\"0\">\n<tr style=\"background: #ccc;\">\n<td colspan=\"5\"><strong>Spiele<\/strong><\/td>\n<\/tr>\n<tr style=\"background: #eee;\">\n<td>&nbsp;<\/td>\n<td>Programm<\/td>\n<td>Version<\/td>\n<td>Lizenz<\/td>\n<td>Kurzinfo<\/td>\n<\/tr>\n<tr>\n<td><img decoding=\"async\" src=\"\/static\/windows\/invers-icon.gif\" width=32 height=32 alt=\"\" border=\"0\"><\/td>\n<td><img decoding=\"async\" src=\"\/static\/triblk08.gif\" width=8 height=8 alt=\"\" border=\"0\">&nbsp;<a href=\"\/?page_id=143\">Invers<\/a><\/td>\n<td>1.0<\/td>\n<td>Freeware&nbsp;<\/td>\n<td>Invertieren von Spielsteinen<\/td>\n<\/tr>\n<tr>\n<td><img decoding=\"async\" src=\"\/static\/windows\/moveit32-icon.gif\" width=32 height=32 alt=\"\" border=\"0\"><\/td>\n<td><img decoding=\"async\" src=\"\/static\/triblk08.gif\" width=8 height=8 alt=\"\" border=\"0\">&nbsp;<a href=\"\/?page_id=145\">MoveIt&nbsp;32<\/a><\/td>\n<td>1.2<\/td>\n<td>Freeware&nbsp;<\/td>\n<td>Sokoban (32-Bit-Version)<\/td>\n<\/tr>\n<tr>\n<td>&nbsp;<\/td>\n<td><img decoding=\"async\" src=\"\/static\/triblk08.gif\" width=8 height=8 alt=\"\" border=\"0\">&nbsp;<a href=\"\/?page_id=147\">MoveIt&nbsp;16<\/a><\/td>\n<td>1.1<\/td>\n<td>Freeware&nbsp;<\/td>\n<td>Sokoban (16-Bit-Version)<\/td>\n<\/tr>\n<tr style=\"background: #ccc;\">\n<td colspan=\"5\"><strong>MIDI Tools<\/strong><\/td>\n<\/tr>\n<tr style=\"background: #eee;\">\n<td>&nbsp;<\/td>\n<td>Programm<\/td>\n<td>Version<\/td>\n<td>Lizenz<\/td>\n<td>Kurzinfo<\/td>\n<\/tr>\n<tr>\n<td><img decoding=\"async\" src=\"\/static\/windows\/mthru-icon.gif\" width=32 height=32 alt=\"\" border=\"0\"><\/td>\n<td><img decoding=\"async\" src=\"\/static\/triblk08.gif\" width=8 height=8 alt=\"\" border=\"0\">&nbsp;<a href=\"\/?page_id=149\">MidiThru<\/a><\/td>\n<td>0.1b<\/td>\n<td>Freeware&nbsp;<\/td>\n<td>Kleine Hilfe f&uuml;r zwischendurch<\/td>\n<\/tr>\n<tr style=\"background: #ccc;\">\n<td colspan=\"5\"><strong>Sonstige Tools<\/strong><\/td>\n<\/tr>\n<tr style=\"background: #eee;\">\n<td>&nbsp;<\/td>\n<td>Programm<\/td>\n<td>Version<\/td>\n<td>Lizenz<\/td>\n<td>Kurzinfo<\/td>\n<\/tr>\n<tr>\n<td><img decoding=\"async\" src=\"\/static\/windows\/udosh32-icon.gif\" width=32 height=32 alt=\"\" border=\"0\"><\/td>\n<td><img decoding=\"async\" src=\"\/static\/triblk08.gif\" width=8 height=8 alt=\"\" border=\"0\">&nbsp;<a href=\"\/?page_id=157\">UDO-Shell&nbsp;32<\/a><\/td>\n<td>1.04<\/td>\n<td>Freeware&nbsp;<\/td>\n<td>UDO-Shell (32-Bit-Version)<\/td>\n<\/tr>\n<tr>\n<td>&nbsp;<\/td>\n<td><img decoding=\"async\" src=\"\/static\/triblk08.gif\" width=8 height=8 alt=\"\" border=\"0\">&nbsp;<a href=\"\/?page_id=159\">UDO-Shell&nbsp;16<\/a><\/td>\n<td>0.08<\/td>\n<td>Freeware&nbsp;<\/td>\n<td>UDO-Shell (16-Bit-Version)<\/td>\n<\/tr>\n<tr>\n<td><img decoding=\"async\" src=\"\/static\/windows\/zk32-icon.gif\" width=32 height=32 alt=\"\" border=\"0\"><\/td>\n<td><img decoding=\"async\" src=\"\/static\/triblk08.gif\" width=8 height=8 alt=\"\" border=\"0\">&nbsp;<a href=\"\/?page_id=162\">Zahlenkonverter<\/a><\/td>\n<td>1.1<\/td>\n<td>Freeware&nbsp;<\/td>\n<td>Umrechnung Dec\/Oct\/Hex\/Bin<\/td>\n<\/tr>\n<\/table>\n","protected":false},"excerpt":{"rendered":"<p>Lange Zeit war ich mit meinem Atari Mega STE4 gl\u00fccklich und zufrieden, aber der Wunsch nach einem Notebook wurde gr\u00f6\u00dfer und gr\u00f6\u00dfer, und Atari bot mit dem Stacy nicht wirklich brauchbare oder tragbare Hardware an. Und so g\u00f6nnte ich mir ein kleines Compaq-Notebook, in dem ein Intel 486 mit 50 MHz sowie 4 MB RAM <a class=\"more-link\" href=\"https:\/\/www.dirk-hagedorn.de\/?page_id=9\">Weiterlesen\u00a0\u2026<\/a><\/p>\n","protected":false},"author":1,"featured_media":0,"parent":4,"menu_order":1,"comment_status":"closed","ping_status":"closed","template":"","meta":{"footnotes":""},"class_list":["post-9","page","type-page","status-publish","hentry"],"_links":{"self":[{"href":"https:\/\/www.dirk-hagedorn.de\/index.php?rest_route=\/wp\/v2\/pages\/9","targetHints":{"allow":["GET"]}}],"collection":[{"href":"https:\/\/www.dirk-hagedorn.de\/index.php?rest_route=\/wp\/v2\/pages"}],"about":[{"href":"https:\/\/www.dirk-hagedorn.de\/index.php?rest_route=\/wp\/v2\/types\/page"}],"author":[{"embeddable":true,"href":"https:\/\/www.dirk-hagedorn.de\/index.php?rest_route=\/wp\/v2\/users\/1"}],"replies":[{"embeddable":true,"href":"https:\/\/www.dirk-hagedorn.de\/index.php?rest_route=%2Fwp%2Fv2%2Fcomments&post=9"}],"version-history":[{"count":15,"href":"https:\/\/www.dirk-hagedorn.de\/index.php?rest_route=\/wp\/v2\/pages\/9\/revisions"}],"predecessor-version":[{"id":2045,"href":"https:\/\/www.dirk-hagedorn.de\/index.php?rest_route=\/wp\/v2\/pages\/9\/revisions\/2045"}],"up":[{"embeddable":true,"href":"https:\/\/www.dirk-hagedorn.de\/index.php?rest_route=\/wp\/v2\/pages\/4"}],"wp:attachment":[{"href":"https:\/\/www.dirk-hagedorn.de\/index.php?rest_route=%2Fwp%2Fv2%2Fmedia&parent=9"}],"curies":[{"name":"wp","href":"https:\/\/api.w.org\/{rel}","templated":true}]}}