{"id":61,"date":"2012-03-17T20:59:39","date_gmt":"2012-03-17T20:59:39","guid":{"rendered":"http:\/\/drk.hgdrn.de\/?page_id=61"},"modified":"2020-09-03T17:35:57","modified_gmt":"2020-09-03T15:35:57","slug":"invers-palm","status":"publish","type":"page","link":"https:\/\/www.dirk-hagedorn.de\/?page_id=61","title":{"rendered":"Invers"},"content":{"rendered":"<p>&nbsp;<\/p>\n<table border=\"0\" cellspacing=\"0\" cellpadding=\"0\">\n<tbody>\n<tr style=\"background: #ccc;\">\n<td><strong>Programm:<\/strong><\/td>\n<td>Invers f\u00fcr Palm<\/td>\n<\/tr>\n<tr>\n<td><strong>Version:<\/strong><\/td>\n<td>1.0 (2. Dezember 2001)<\/td>\n<\/tr>\n<tr>\n<td><strong>Lizenz:<\/strong><\/td>\n<td>Freeware<\/td>\n<\/tr>\n<tr>\n<td valign=\"top\"><strong>Beschreibung:<\/strong><\/td>\n<td>Bei Invers finden Sie ein Spielfeld vor, auf dem Spielsteine mit einer wei\u00dfen und schwarzen Seite existieren. Ihre Aufgabe ist es nun, durch Umdrehen dieser Spielsteine daf\u00fcr zu sorgen, da\u00df auf dem gesamten Spielfeld nur noch wei\u00dfe oder schwarze Fl\u00e4chen zu sehen sind. Der Haken dabei ist, da\u00df beim Wenden eines Steines auch alle umliegenden Steine umgedreht werden. Invers ist eine kleine Knobelei f\u00fcr zwischendurch.<\/td>\n<\/tr>\n<tr>\n<td><strong>Sprache:<\/strong><\/td>\n<td>Englisch, Deutsch<\/td>\n<\/tr>\n<tr>\n<td><strong>Download:<\/strong><\/td>\n<td><a title=\"Download\" href=\"\/pub\/palmos\/invers-palm-10.zip\">invers_palm_10.zip<\/a> (6.636 Bytes)<\/td>\n<\/tr>\n<tr>\n<td valign=\"top\"><strong>Bildschirmfotos:<\/strong><\/td>\n<td><img loading=\"lazy\" decoding=\"async\" class=\"alignnone\" src=\"\/static\/palm\/invers-10-ani.gif\" alt=\"\" width=\"160\" height=\"160\" \/><\/td>\n<\/tr>\n<tr>\n<td><strong>Hinweis:<\/strong><\/td>\n<td>Invers ist auch als <a href=\"\/?page_id=143\" title=\"Invers\">Windows-<\/a> und als <a href=\"\/?page_id=222\" title=\"Invers\">Atari-Version<\/a> verf\u00fcgbar.<\/td>\n<\/tr>\n<tr style=\"background: #ccc;\">\n<td><strong>Historie:<\/strong><\/td>\n<td>&nbsp;<\/td>\n<\/tr>\n<tr>\n<td valign=\"top\">1.0<\/td>\n<td>Programm nun in Englisch und Deutsch verf\u00fcgbar (fat binary)<\/td>\n<\/tr>\n<tr>\n<td valign=\"top\">0.99 beta<\/td>\n<td>Erstver\u00f6ffentlichung<\/td>\n<\/tr>\n<\/tbody>\n<\/table>\n","protected":false},"excerpt":{"rendered":"<p>&nbsp; Programm: Invers f\u00fcr Palm Version: 1.0 (2. Dezember 2001) Lizenz: Freeware Beschreibung: Bei Invers finden Sie ein Spielfeld vor, auf dem Spielsteine mit einer wei\u00dfen und schwarzen Seite existieren. Ihre Aufgabe ist es nun, durch Umdrehen dieser Spielsteine daf\u00fcr zu sorgen, da\u00df auf dem gesamten Spielfeld nur noch wei\u00dfe oder schwarze Fl\u00e4chen zu sehen <a class=\"more-link\" href=\"https:\/\/www.dirk-hagedorn.de\/?page_id=61\">Weiterlesen\u00a0\u2026<\/a><\/p>\n","protected":false},"author":1,"featured_media":0,"parent":11,"menu_order":10,"comment_status":"open","ping_status":"closed","template":"","meta":{"footnotes":""},"class_list":["post-61","page","type-page","status-publish","hentry"],"_links":{"self":[{"href":"https:\/\/www.dirk-hagedorn.de\/index.php?rest_route=\/wp\/v2\/pages\/61","targetHints":{"allow":["GET"]}}],"collection":[{"href":"https:\/\/www.dirk-hagedorn.de\/index.php?rest_route=\/wp\/v2\/pages"}],"about":[{"href":"https:\/\/www.dirk-hagedorn.de\/index.php?rest_route=\/wp\/v2\/types\/page"}],"author":[{"embeddable":true,"href":"https:\/\/www.dirk-hagedorn.de\/index.php?rest_route=\/wp\/v2\/users\/1"}],"replies":[{"embeddable":true,"href":"https:\/\/www.dirk-hagedorn.de\/index.php?rest_route=%2Fwp%2Fv2%2Fcomments&post=61"}],"version-history":[{"count":13,"href":"https:\/\/www.dirk-hagedorn.de\/index.php?rest_route=\/wp\/v2\/pages\/61\/revisions"}],"predecessor-version":[{"id":1903,"href":"https:\/\/www.dirk-hagedorn.de\/index.php?rest_route=\/wp\/v2\/pages\/61\/revisions\/1903"}],"up":[{"embeddable":true,"href":"https:\/\/www.dirk-hagedorn.de\/index.php?rest_route=\/wp\/v2\/pages\/11"}],"wp:attachment":[{"href":"https:\/\/www.dirk-hagedorn.de\/index.php?rest_route=%2Fwp%2Fv2%2Fmedia&parent=61"}],"curies":[{"name":"wp","href":"https:\/\/api.w.org\/{rel}","templated":true}]}}