{"id":234,"date":"2012-03-20T05:58:55","date_gmt":"2012-03-20T05:58:55","guid":{"rendered":"http:\/\/drk.hgdrn.de\/?page_id=234"},"modified":"2020-09-03T17:27:19","modified_gmt":"2020-09-03T15:27:19","slug":"tricky","status":"publish","type":"page","link":"https:\/\/www.dirk-hagedorn.de\/?page_id=234","title":{"rendered":"Tricky"},"content":{"rendered":"<p>&nbsp;<\/p>\n<table border=\"0\" cellspacing=\"0\" cellpadding=\"0\">\n<tbody>\n<tr style=\"background: #ccc;\">\n<td><strong>Programm:<\/strong><\/td>\n<td>Tricky (Play it again, GEM!)<\/td>\n<\/tr>\n<tr>\n<td><strong>Version:<\/strong><\/td>\n<td>2.71 (21. April 1995)<\/td>\n<\/tr>\n<tr>\n<td><strong>Lizenz:<\/strong><\/td>\n<td>Freeware<\/td>\n<\/tr>\n<tr>\n<td valign=\"top\"><strong>Beschreibung:<\/strong><\/td>\n<td>Tricky ist eine GEM-Version des W\u00fcrfelspiels &#8218;Kniffel&#8216; bzw. &#8218;Yahtzee&#8216;, bei dem es darum geht, durch geschicktes Kombinieren m\u00f6glichst viele Punkte zu erreichen. Sie k\u00f6nnen Tricky alleine oder mit bis zu drei weiteren Mitstreitern spielen, wobei Ihre Gegenspieler auch durch den Computer ersetzt werden k\u00f6nnen. Derjenige, der am Ende des Spiels die meisten Punkte auf seinem Konto sammeln konnte, kann seinen Namen mit etwas Gl\u00fcck in einer Bestenliste verewigen.<\/td>\n<\/tr>\n<tr>\n<td><strong>Registrierung:<\/strong><\/td>\n<td>Das vorliegende Archiv enth\u00e4lt noch die eingeschr\u00e4nkte Shareware-Version. Um die Einschr\u00e4nkungen aufzuheben, geben Sie bitte folgende Registrierungsdaten ohne Anf\u00fchrungszeichen ein:<\/p>\n<table>\n<tr>\n<td>Name:<\/td>\n<td>&#8222;Dirk Hagedorn&#8220;<\/td>\n<\/tr>\n<tr>\n<td>Stra\u00dfe:<\/td>\n<td>&#8222;www.dirk-hagedorn.de&#8220;<\/td>\n<\/tr>\n<tr>\n<td>Ort:<\/td>\n<td>&#8222;info@dirk-hagedorn.de&#8220;<\/td>\n<\/tr>\n<tr>\n<td>Schl\u00fcssel:<\/td>\n<td>&#8222;1C44Q78418471049&#8220;<\/td>\n<\/tr>\n<\/table>\n<\/td>\n<\/tr>\n<tr>\n<td><strong>Sprache:<\/strong><\/td>\n<td>Deutsch<\/td>\n<\/tr>\n<tr>\n<td><strong>Download:<\/strong><\/td>\n<td><a title=\"Download\" href=\"\/pub\/tos\/trick271.zip\">trick271.zip<\/a> (96.982 Bytes)<\/td>\n<\/tr>\n<tr>\n<td valign=\"top\"><strong>Bildschirmfotos:<\/strong><\/td>\n<td><a href=\"\/static\/atari\/tricky-screen.gif\"><img loading=\"lazy\" decoding=\"async\" class=\"alignnone\" src=\"\/static\/atari\/tricky-thumb.gif\" alt=\"\" width=\"262\" height=\"180\" \/><\/a><\/td>\n<\/tr>\n<\/tbody>\n<\/table>\n","protected":false},"excerpt":{"rendered":"<p>&nbsp; Programm: Tricky (Play it again, GEM!) Version: 2.71 (21. April 1995) Lizenz: Freeware Beschreibung: Tricky ist eine GEM-Version des W\u00fcrfelspiels &#8218;Kniffel&#8216; bzw. &#8218;Yahtzee&#8216;, bei dem es darum geht, durch geschicktes Kombinieren m\u00f6glichst viele Punkte zu erreichen. Sie k\u00f6nnen Tricky alleine oder mit bis zu drei weiteren Mitstreitern spielen, wobei Ihre Gegenspieler auch durch den <a class=\"more-link\" href=\"https:\/\/www.dirk-hagedorn.de\/?page_id=234\">Weiterlesen\u00a0\u2026<\/a><\/p>\n","protected":false},"author":1,"featured_media":0,"parent":13,"menu_order":90,"comment_status":"open","ping_status":"open","template":"","meta":{"footnotes":""},"class_list":["post-234","page","type-page","status-publish","hentry"],"_links":{"self":[{"href":"https:\/\/www.dirk-hagedorn.de\/index.php?rest_route=\/wp\/v2\/pages\/234","targetHints":{"allow":["GET"]}}],"collection":[{"href":"https:\/\/www.dirk-hagedorn.de\/index.php?rest_route=\/wp\/v2\/pages"}],"about":[{"href":"https:\/\/www.dirk-hagedorn.de\/index.php?rest_route=\/wp\/v2\/types\/page"}],"author":[{"embeddable":true,"href":"https:\/\/www.dirk-hagedorn.de\/index.php?rest_route=\/wp\/v2\/users\/1"}],"replies":[{"embeddable":true,"href":"https:\/\/www.dirk-hagedorn.de\/index.php?rest_route=%2Fwp%2Fv2%2Fcomments&post=234"}],"version-history":[{"count":5,"href":"https:\/\/www.dirk-hagedorn.de\/index.php?rest_route=\/wp\/v2\/pages\/234\/revisions"}],"predecessor-version":[{"id":1879,"href":"https:\/\/www.dirk-hagedorn.de\/index.php?rest_route=\/wp\/v2\/pages\/234\/revisions\/1879"}],"up":[{"embeddable":true,"href":"https:\/\/www.dirk-hagedorn.de\/index.php?rest_route=\/wp\/v2\/pages\/13"}],"wp:attachment":[{"href":"https:\/\/www.dirk-hagedorn.de\/index.php?rest_route=%2Fwp%2Fv2%2Fmedia&parent=234"}],"curies":[{"name":"wp","href":"https:\/\/api.w.org\/{rel}","templated":true}]}}