{"id":232,"date":"2012-03-20T05:58:33","date_gmt":"2012-03-20T05:58:33","guid":{"rendered":"http:\/\/drk.hgdrn.de\/?page_id=232"},"modified":"2020-09-03T17:27:00","modified_gmt":"2020-09-03T15:27:00","slug":"solitaire","status":"publish","type":"page","link":"https:\/\/www.dirk-hagedorn.de\/?page_id=232","title":{"rendered":"Solitaire"},"content":{"rendered":"<p>&nbsp;<\/p>\n<table border=\"0\" cellspacing=\"0\" cellpadding=\"0\">\n<tbody>\n<tr style=\"background: #ccc;\">\n<td><strong>Programm:<\/strong><\/td>\n<td>Solitaire (Play it again, GEM!)<\/td>\n<\/tr>\n<tr>\n<td><strong>Version:<\/strong><\/td>\n<td>1.5 (15. Dezember 1994)<\/td>\n<\/tr>\n<tr>\n<td><strong>Lizenz:<\/strong><\/td>\n<td>Freeware<\/td>\n<\/tr>\n<tr>\n<td valign=\"top\"><strong>Beschreibung:<\/strong><\/td>\n<td>Solitaire ist ein Spiel, bei dem man Kugeln durch gegenseitiges \u00dcberspringen bis auf eine dezimieren mu\u00df. Dabei existieren verschiedene Ausgangspositionen, nat\u00fcrlich auch die klassische mit nur einer freien Stelle in der Mitte des Spielfeldes.<\/td>\n<\/tr>\n<tr>\n<td><strong>Sprache:<\/strong><\/td>\n<td>Deutsch<\/td>\n<\/tr>\n<tr>\n<td><strong>Download:<\/strong><\/td>\n<td><a title=\"Download\" href=\"\/pub\/tos\/solit15.zip\">solit15.zip<\/a> (51.137 Bytes)<\/td>\n<\/tr>\n<tr>\n<td valign=\"top\"><strong>Bildschirmfotos:<\/strong><\/td>\n<td><img loading=\"lazy\" decoding=\"async\" class=\"alignnone\" src=\"\/static\/atari\/solitaire-screen.gif\" alt=\"\" width=\"228\" height=\"264\" \/><\/td>\n<\/tr>\n<\/tbody>\n<\/table>\n","protected":false},"excerpt":{"rendered":"<p>&nbsp; Programm: Solitaire (Play it again, GEM!) Version: 1.5 (15. Dezember 1994) Lizenz: Freeware Beschreibung: Solitaire ist ein Spiel, bei dem man Kugeln durch gegenseitiges \u00dcberspringen bis auf eine dezimieren mu\u00df. Dabei existieren verschiedene Ausgangspositionen, nat\u00fcrlich auch die klassische mit nur einer freien Stelle in der Mitte des Spielfeldes. Sprache: Deutsch Download: solit15.zip (51.137 Bytes) <a class=\"more-link\" href=\"https:\/\/www.dirk-hagedorn.de\/?page_id=232\">Weiterlesen\u00a0\u2026<\/a><\/p>\n","protected":false},"author":1,"featured_media":0,"parent":13,"menu_order":80,"comment_status":"open","ping_status":"open","template":"","meta":{"footnotes":""},"class_list":["post-232","page","type-page","status-publish","hentry"],"_links":{"self":[{"href":"https:\/\/www.dirk-hagedorn.de\/index.php?rest_route=\/wp\/v2\/pages\/232","targetHints":{"allow":["GET"]}}],"collection":[{"href":"https:\/\/www.dirk-hagedorn.de\/index.php?rest_route=\/wp\/v2\/pages"}],"about":[{"href":"https:\/\/www.dirk-hagedorn.de\/index.php?rest_route=\/wp\/v2\/types\/page"}],"author":[{"embeddable":true,"href":"https:\/\/www.dirk-hagedorn.de\/index.php?rest_route=\/wp\/v2\/users\/1"}],"replies":[{"embeddable":true,"href":"https:\/\/www.dirk-hagedorn.de\/index.php?rest_route=%2Fwp%2Fv2%2Fcomments&post=232"}],"version-history":[{"count":5,"href":"https:\/\/www.dirk-hagedorn.de\/index.php?rest_route=\/wp\/v2\/pages\/232\/revisions"}],"predecessor-version":[{"id":1877,"href":"https:\/\/www.dirk-hagedorn.de\/index.php?rest_route=\/wp\/v2\/pages\/232\/revisions\/1877"}],"up":[{"embeddable":true,"href":"https:\/\/www.dirk-hagedorn.de\/index.php?rest_route=\/wp\/v2\/pages\/13"}],"wp:attachment":[{"href":"https:\/\/www.dirk-hagedorn.de\/index.php?rest_route=%2Fwp%2Fv2%2Fmedia&parent=232"}],"curies":[{"name":"wp","href":"https:\/\/api.w.org\/{rel}","templated":true}]}}