{"id":230,"date":"2012-03-20T05:58:12","date_gmt":"2012-03-20T05:58:12","guid":{"rendered":"http:\/\/drk.hgdrn.de\/?page_id=230"},"modified":"2020-09-03T17:26:39","modified_gmt":"2020-09-03T15:26:39","slug":"nanjing","status":"publish","type":"page","link":"https:\/\/www.dirk-hagedorn.de\/?page_id=230","title":{"rendered":"Nanjing"},"content":{"rendered":"<p>&nbsp;<\/p>\n<table border=\"0\" cellspacing=\"0\" cellpadding=\"0\">\n<tbody>\n<tr style=\"background: #ccc;\">\n<td><strong>Programm:<\/strong><\/td>\n<td>Nanjing (Play it again, GEM!)<\/td>\n<\/tr>\n<tr>\n<td><strong>Version:<\/strong><\/td>\n<td>2.0 (26. April 1996)<\/td>\n<\/tr>\n<tr>\n<td><strong>Lizenz:<\/strong><\/td>\n<td>Freeware<\/td>\n<\/tr>\n<tr>\n<td valign=\"top\"><strong>Beschreibung:<\/strong><\/td>\n<td>Nanjing ist ein bekanntes Spiel, bei dem 72 Spielsteine, die sich durch Farbe und\/oder Motiv voneinander unterscheiden, allesamt auf einem Spielfeld abgelegt werden m\u00fcssen. Und das das gar nicht so einfach ist, zeigt die Tatsache, da\u00df ich bisher erst einmal dieses Ziel erreicht habe. Wer es dennoch schafft, der kann seine Leistung in einer Bestenliste verewigen. Bei Nanjing werden die Spielsteine in monochromer Aufl\u00f6sung mit verschiedenen Mustern dargestellt, in farbigen Aufl\u00f6sungen nat\u00fcrlich farbig. Es stehen dabei mehrere Steins\u00e4tze zur Verf\u00fcgung. Nanjing unterst\u00fctzt den Spieler bei der Suche nach der L\u00f6sung durch Anzeige der m\u00f6glichen Z\u00fcge, der Anzeige der restlichen Steine in einem weiteren Fenster sowie einer Undo-Funktion.<\/td>\n<\/tr>\n<tr>\n<td><strong>Registrierung:<\/strong><\/td>\n<td>Das vorliegende Archiv enth\u00e4lt noch die eingeschr\u00e4nkte Shareware-Version. Um die Einschr\u00e4nkungen aufzuheben, geben Sie bitte folgende Registrierungsdaten ohne Anf\u00fchrungszeichen ein:<\/p>\n<table>\n<tr>\n<td>Name:<\/td>\n<td>&#8222;Dirk Hagedorn&#8220;<\/td>\n<\/tr>\n<tr>\n<td>Stra\u00dfe:<\/td>\n<td>&#8222;www.dirk-hagedorn.de&#8220;<\/td>\n<\/tr>\n<tr>\n<td>Ort:<\/td>\n<td>&#8222;info@dirk-hagedorn.de&#8220;<\/td>\n<\/tr>\n<tr>\n<td>Schl\u00fcssel:<\/td>\n<td>&#8222;17C8Q40CR62F1B01&#8220;<\/td>\n<\/tr>\n<\/table>\n<\/td>\n<\/tr>\n<tr>\n<td><strong>Sprache:<\/strong><\/td>\n<td>Deutsch<\/td>\n<\/tr>\n<tr>\n<td><strong>Download:<\/strong><\/td>\n<td><a title=\"Download\" href=\"\/pub\/tos\/nanjin20.zip\">nanjin20.zip<\/a> (110.841 Bytes)<\/td>\n<\/tr>\n<tr>\n<td valign=\"top\"><strong>Bildschirmfotos:<\/strong><\/td>\n<td><a href=\"\/static\/atari\/nanjing-screen.gif\"><img loading=\"lazy\" decoding=\"async\" class=\"alignnone\" src=\"\/static\/atari\/nanjing-thumb.gif\" alt=\"\" width=\"251\" height=\"189\" \/><\/a><\/td>\n<\/tr>\n<\/tbody>\n<\/table>\n","protected":false},"excerpt":{"rendered":"<p>&nbsp; Programm: Nanjing (Play it again, GEM!) Version: 2.0 (26. April 1996) Lizenz: Freeware Beschreibung: Nanjing ist ein bekanntes Spiel, bei dem 72 Spielsteine, die sich durch Farbe und\/oder Motiv voneinander unterscheiden, allesamt auf einem Spielfeld abgelegt werden m\u00fcssen. Und das das gar nicht so einfach ist, zeigt die Tatsache, da\u00df ich bisher erst einmal <a class=\"more-link\" href=\"https:\/\/www.dirk-hagedorn.de\/?page_id=230\">Weiterlesen\u00a0\u2026<\/a><\/p>\n","protected":false},"author":1,"featured_media":0,"parent":13,"menu_order":70,"comment_status":"open","ping_status":"open","template":"","meta":{"footnotes":""},"class_list":["post-230","page","type-page","status-publish","hentry"],"_links":{"self":[{"href":"https:\/\/www.dirk-hagedorn.de\/index.php?rest_route=\/wp\/v2\/pages\/230","targetHints":{"allow":["GET"]}}],"collection":[{"href":"https:\/\/www.dirk-hagedorn.de\/index.php?rest_route=\/wp\/v2\/pages"}],"about":[{"href":"https:\/\/www.dirk-hagedorn.de\/index.php?rest_route=\/wp\/v2\/types\/page"}],"author":[{"embeddable":true,"href":"https:\/\/www.dirk-hagedorn.de\/index.php?rest_route=\/wp\/v2\/users\/1"}],"replies":[{"embeddable":true,"href":"https:\/\/www.dirk-hagedorn.de\/index.php?rest_route=%2Fwp%2Fv2%2Fcomments&post=230"}],"version-history":[{"count":6,"href":"https:\/\/www.dirk-hagedorn.de\/index.php?rest_route=\/wp\/v2\/pages\/230\/revisions"}],"predecessor-version":[{"id":1875,"href":"https:\/\/www.dirk-hagedorn.de\/index.php?rest_route=\/wp\/v2\/pages\/230\/revisions\/1875"}],"up":[{"embeddable":true,"href":"https:\/\/www.dirk-hagedorn.de\/index.php?rest_route=\/wp\/v2\/pages\/13"}],"wp:attachment":[{"href":"https:\/\/www.dirk-hagedorn.de\/index.php?rest_route=%2Fwp%2Fv2%2Fmedia&parent=230"}],"curies":[{"name":"wp","href":"https:\/\/api.w.org\/{rel}","templated":true}]}}