{"id":228,"date":"2012-03-20T05:57:50","date_gmt":"2012-03-20T05:57:50","guid":{"rendered":"http:\/\/drk.hgdrn.de\/?page_id=228"},"modified":"2020-09-03T17:24:40","modified_gmt":"2020-09-03T15:24:40","slug":"moveit","status":"publish","type":"page","link":"https:\/\/www.dirk-hagedorn.de\/?page_id=228","title":{"rendered":"MoveIt"},"content":{"rendered":"<p>&nbsp;<\/p>\n<table border=\"0\" cellspacing=\"0\" cellpadding=\"0\">\n<tbody>\n<tr style=\"background: #ccc;\">\n<td><strong>Programm:<\/strong><\/td>\n<td>MoveIt (Play it again, GEM!)<\/td>\n<\/tr>\n<tr>\n<td><strong>Version:<\/strong><\/td>\n<td>2.1 (5. August 1996)<\/td>\n<\/tr>\n<tr>\n<td><strong>Lizenz:<\/strong><\/td>\n<td>Freeware<\/td>\n<\/tr>\n<tr>\n<td valign=\"top\"><strong>Beschreibung:<\/strong><\/td>\n<td>MoveIt ist eine GEM-Version des Klassikers &#8218;Sokoban&#8216; mit insgesamt 50 Leveln; einer schwerer und verzwickter als der andere. Ziel jedes Levels ist es, eine gewisse Anzahl an Kugeln auf vorgegebene Positionen zu schieben. Das klingt leichter, als gesagt. Und da es manchmal nicht so einfach ist, auf Anhieb eine L\u00f6sung zu finden, unterst\u00fctzt Sie MoveIt durch einige Hilfsfunktionen wie die Sicherung von Spielpositionen oder die R\u00fccknahme des letzten Zuges. Damit man nicht jedesmal wieder beim ersten Level beginnen mu\u00df, wird zu Beginn jedes Levels eine Geheimzahl ausgegeben. Mit dieser Geheimzahl k\u00f6nnen Sie dann sp\u00e4ter einen Level direkt ansteuern.<\/td>\n<\/tr>\n<tr>\n<td><strong>Registrierung:<\/strong><\/td>\n<td>Das vorliegende Archiv enth\u00e4lt noch die eingeschr\u00e4nkte Shareware-Version. Um die Einschr\u00e4nkungen aufzuheben, geben Sie bitte folgende Registrierungsdaten ohne Anf\u00fchrungszeichen ein:<\/p>\n<table>\n<tr>\n<td>Name:<\/td>\n<td>&#8222;Dirk Hagedorn&#8220;<\/td>\n<\/tr>\n<tr>\n<td>Stra\u00dfe:<\/td>\n<td>&#8222;www.dirk-hagedorn.de&#8220;<\/td>\n<\/tr>\n<tr>\n<td>Ort:<\/td>\n<td>&#8222;info@dirk-hagedorn.de&#8220;<\/td>\n<\/tr>\n<tr>\n<td>Schl\u00fcssel:<\/td>\n<td>&#8222;1EA4Q954196713F9&#8220;<\/td>\n<\/tr>\n<\/table>\n<\/td>\n<\/tr>\n<tr>\n<td><strong>Sprache:<\/strong><\/td>\n<td>Deutsch<\/td>\n<\/tr>\n<tr>\n<td><strong>Download:<\/strong><\/td>\n<td><a title=\"Download\" href=\"\/pub\/tos\/moveit20.zip\">moveit20.zip<\/a> (105.755 Bytes)<\/td>\n<\/tr>\n<tr>\n<td valign=\"top\"><strong>Bildschirmfotos:<\/strong><\/td>\n<td><a href=\"\/static\/atari\/moveit-screen.gif\"><img loading=\"lazy\" decoding=\"async\" class=\"alignnone\" src=\"\/static\/atari\/moveit-thumb.gif\" alt=\"\" width=\"242\" height=\"203\" \/><\/a><\/td>\n<\/tr>\n<tr>\n<td><strong>Hinweis:<\/strong><\/td>\n<td>MoveIt ist auch als <a href=\"\/?page_id=147\" title=\"MoveIt 16\">16-Bit-Version<\/a> und als <a href=\"\/?page_id=145\" title=\"MoveIt 32\">32-Bit-Version<\/a> f\u00fcr Windows erh\u00e4ltlich.<\/td>\n<\/tr>\n<\/tbody>\n<\/table>\n<p><strong>Update 25.09.2015:<\/strong><\/p>\n<p>YouTuber <a href=\"https:\/\/www.youtube.com\/user\/petsasjim1\">petsasjim1<\/a> hat ein Video erzeugt, in dem er den ersten Level durchchspielt \ud83d\ude42<\/p>\n<p>httpv:\/\/www.youtube.com\/watch?v=kXDyZcVbLu8<\/p>\n<p>(<a href=\"https:\/\/www.youtube.com\/watch?v=kXDyZcVbLu8\">Direktlink<\/a>)<\/p>\n","protected":false},"excerpt":{"rendered":"<p>&nbsp; Programm: MoveIt (Play it again, GEM!) Version: 2.1 (5. August 1996) Lizenz: Freeware Beschreibung: MoveIt ist eine GEM-Version des Klassikers &#8218;Sokoban&#8216; mit insgesamt 50 Leveln; einer schwerer und verzwickter als der andere. Ziel jedes Levels ist es, eine gewisse Anzahl an Kugeln auf vorgegebene Positionen zu schieben. Das klingt leichter, als gesagt. Und da <a class=\"more-link\" href=\"https:\/\/www.dirk-hagedorn.de\/?page_id=228\">Weiterlesen\u00a0\u2026<\/a><\/p>\n","protected":false},"author":1,"featured_media":0,"parent":13,"menu_order":60,"comment_status":"open","ping_status":"open","template":"","meta":{"footnotes":""},"class_list":["post-228","page","type-page","status-publish","hentry"],"_links":{"self":[{"href":"https:\/\/www.dirk-hagedorn.de\/index.php?rest_route=\/wp\/v2\/pages\/228","targetHints":{"allow":["GET"]}}],"collection":[{"href":"https:\/\/www.dirk-hagedorn.de\/index.php?rest_route=\/wp\/v2\/pages"}],"about":[{"href":"https:\/\/www.dirk-hagedorn.de\/index.php?rest_route=\/wp\/v2\/types\/page"}],"author":[{"embeddable":true,"href":"https:\/\/www.dirk-hagedorn.de\/index.php?rest_route=\/wp\/v2\/users\/1"}],"replies":[{"embeddable":true,"href":"https:\/\/www.dirk-hagedorn.de\/index.php?rest_route=%2Fwp%2Fv2%2Fcomments&post=228"}],"version-history":[{"count":7,"href":"https:\/\/www.dirk-hagedorn.de\/index.php?rest_route=\/wp\/v2\/pages\/228\/revisions"}],"predecessor-version":[{"id":1873,"href":"https:\/\/www.dirk-hagedorn.de\/index.php?rest_route=\/wp\/v2\/pages\/228\/revisions\/1873"}],"up":[{"embeddable":true,"href":"https:\/\/www.dirk-hagedorn.de\/index.php?rest_route=\/wp\/v2\/pages\/13"}],"wp:attachment":[{"href":"https:\/\/www.dirk-hagedorn.de\/index.php?rest_route=%2Fwp%2Fv2%2Fmedia&parent=228"}],"curies":[{"name":"wp","href":"https:\/\/api.w.org\/{rel}","templated":true}]}}