{"id":226,"date":"2012-03-20T05:57:27","date_gmt":"2012-03-20T05:57:27","guid":{"rendered":"http:\/\/drk.hgdrn.de\/?page_id=226"},"modified":"2020-09-03T17:24:07","modified_gmt":"2020-09-03T15:24:07","slug":"magisches-quadrat","status":"publish","type":"page","link":"https:\/\/www.dirk-hagedorn.de\/?page_id=226","title":{"rendered":"Magisches Quadrat"},"content":{"rendered":"<p>&nbsp;<\/p>\n<table border=\"0\" cellspacing=\"0\" cellpadding=\"0\">\n<tbody>\n<tr style=\"background: #ccc;\">\n<td><strong>Programm:<\/strong><\/td>\n<td>Magisches Quadrat (Play it again, GEM!)<\/td>\n<\/tr>\n<tr>\n<td><strong>Version:<\/strong><\/td>\n<td>1.0 (15. Dezember 1994)<\/td>\n<\/tr>\n<tr>\n<td><strong>Lizenz:<\/strong><\/td>\n<td>Freeware<\/td>\n<\/tr>\n<tr>\n<td valign=\"top\"><strong>Beschreibung:<\/strong><\/td>\n<td>Beim Magischen Quadrat m\u00fcssen Sie die Zahlen von 1 bis 25 auf einer quadratischen Fl\u00e4che so anordnen, da\u00df die horizontalen, vertikalen und diagonalen Summen alle den gleichen Wert annehmen. Wer den L\u00f6sungsweg nicht kennt, der wird sicherlich einige Minuten mit diesem Freeware-Spiel verbringen.<\/td>\n<\/tr>\n<tr>\n<td><strong>Sprache:<\/strong><\/td>\n<td>Deutsch<\/td>\n<\/tr>\n<tr>\n<td><strong>Download:<\/strong><\/td>\n<td><a title=\"Download\" href=\"\/pub\/tos\/magqua10.zip\">magqua10.zip<\/a> (41.984 Bytes)<\/td>\n<\/tr>\n<tr>\n<td valign=\"top\"><strong>Bildschirmfotos:<\/strong><\/td>\n<td><img loading=\"lazy\" decoding=\"async\" class=\"alignnone\" src=\"\/static\/atari\/magqua-screen.gif\" alt=\"\" width=\"404\" height=\"264\" \/><\/td>\n<\/tr>\n<\/tbody>\n<\/table>\n","protected":false},"excerpt":{"rendered":"<p>&nbsp; Programm: Magisches Quadrat (Play it again, GEM!) Version: 1.0 (15. Dezember 1994) Lizenz: Freeware Beschreibung: Beim Magischen Quadrat m\u00fcssen Sie die Zahlen von 1 bis 25 auf einer quadratischen Fl\u00e4che so anordnen, da\u00df die horizontalen, vertikalen und diagonalen Summen alle den gleichen Wert annehmen. Wer den L\u00f6sungsweg nicht kennt, der wird sicherlich einige Minuten <a class=\"more-link\" href=\"https:\/\/www.dirk-hagedorn.de\/?page_id=226\">Weiterlesen\u00a0\u2026<\/a><\/p>\n","protected":false},"author":1,"featured_media":0,"parent":13,"menu_order":50,"comment_status":"open","ping_status":"open","template":"","meta":{"footnotes":""},"class_list":["post-226","page","type-page","status-publish","hentry"],"_links":{"self":[{"href":"https:\/\/www.dirk-hagedorn.de\/index.php?rest_route=\/wp\/v2\/pages\/226","targetHints":{"allow":["GET"]}}],"collection":[{"href":"https:\/\/www.dirk-hagedorn.de\/index.php?rest_route=\/wp\/v2\/pages"}],"about":[{"href":"https:\/\/www.dirk-hagedorn.de\/index.php?rest_route=\/wp\/v2\/types\/page"}],"author":[{"embeddable":true,"href":"https:\/\/www.dirk-hagedorn.de\/index.php?rest_route=\/wp\/v2\/users\/1"}],"replies":[{"embeddable":true,"href":"https:\/\/www.dirk-hagedorn.de\/index.php?rest_route=%2Fwp%2Fv2%2Fcomments&post=226"}],"version-history":[{"count":5,"href":"https:\/\/www.dirk-hagedorn.de\/index.php?rest_route=\/wp\/v2\/pages\/226\/revisions"}],"predecessor-version":[{"id":1872,"href":"https:\/\/www.dirk-hagedorn.de\/index.php?rest_route=\/wp\/v2\/pages\/226\/revisions\/1872"}],"up":[{"embeddable":true,"href":"https:\/\/www.dirk-hagedorn.de\/index.php?rest_route=\/wp\/v2\/pages\/13"}],"wp:attachment":[{"href":"https:\/\/www.dirk-hagedorn.de\/index.php?rest_route=%2Fwp%2Fv2%2Fmedia&parent=226"}],"curies":[{"name":"wp","href":"https:\/\/api.w.org\/{rel}","templated":true}]}}