{"id":224,"date":"2012-03-20T05:57:05","date_gmt":"2012-03-20T05:57:05","guid":{"rendered":"http:\/\/drk.hgdrn.de\/?page_id=224"},"modified":"2020-09-03T17:22:16","modified_gmt":"2020-09-03T15:22:16","slug":"little15","status":"publish","type":"page","link":"https:\/\/www.dirk-hagedorn.de\/?page_id=224","title":{"rendered":"Little15"},"content":{"rendered":"<p>&nbsp;<\/p>\n<table border=\"0\" cellspacing=\"0\" cellpadding=\"0\">\n<tbody>\n<tr style=\"background: #ccc;\">\n<td><strong>Programm:<\/strong><\/td>\n<td>Little15 (Play it again, GEM!)<\/td>\n<\/tr>\n<tr>\n<td><strong>Version:<\/strong><\/td>\n<td>2.0 (8. September 1995)<\/td>\n<\/tr>\n<tr>\n<td><strong>Lizenz:<\/strong><\/td>\n<td>Freeware<\/td>\n<\/tr>\n<tr>\n<td><strong>Quelltext:<\/strong><\/td>\n<td>liegt bei f\u00fcr PureC und SysGem (von Andreas Pietsch)<\/td>\n<\/tr>\n<tr>\n<td valign=\"top\"><strong>Beschreibung:<\/strong><\/td>\n<td>Bei diesem allseits bekannten Spiel m\u00fcssen die Zahlen von 1 bis 15 in die richtige Reihenfolge gebracht werden. Little15 ist Freeware und dient nur als Demonstration. Im Archiv ist neben dem Spiel der komplette Sourcecode enthalten, der Ihnen zeigt, wie leicht es ist, unter GEM ein Spiel zu schreiben. Um mit dem Sourcecode etwas anfangen zu k\u00f6nnen, ben\u00f6tigen Sie Pure C sowie die (m\u00e4chtige) Shareware-Library namens SysGem 2.x von Andreas Pietsch.<\/td>\n<\/tr>\n<tr>\n<td><strong>Sprache:<\/strong><\/td>\n<td>Deutsch<\/td>\n<\/tr>\n<tr>\n<td><strong>Download:<\/strong><\/td>\n<td><a title=\"Download\" href=\"\/pub\/tos\/litt_200.zip\">litt_200.zip<\/a> (74.201 Bytes)<\/td>\n<\/tr>\n<tr>\n<td valign=\"top\"><strong>Bildschirmfotos:<\/strong><\/td>\n<td><img loading=\"lazy\" decoding=\"async\" class=\"alignnone\" src=\"\/static\/atari\/little15-screen.gif\" alt=\"\" width=\"164\" height=\"201\" \/><\/td>\n<\/tr>\n<\/tbody>\n<\/table>\n","protected":false},"excerpt":{"rendered":"<p>&nbsp; Programm: Little15 (Play it again, GEM!) Version: 2.0 (8. September 1995) Lizenz: Freeware Quelltext: liegt bei f\u00fcr PureC und SysGem (von Andreas Pietsch) Beschreibung: Bei diesem allseits bekannten Spiel m\u00fcssen die Zahlen von 1 bis 15 in die richtige Reihenfolge gebracht werden. Little15 ist Freeware und dient nur als Demonstration. Im Archiv ist neben <a class=\"more-link\" href=\"https:\/\/www.dirk-hagedorn.de\/?page_id=224\">Weiterlesen\u00a0\u2026<\/a><\/p>\n","protected":false},"author":1,"featured_media":0,"parent":13,"menu_order":40,"comment_status":"open","ping_status":"open","template":"","meta":{"footnotes":""},"class_list":["post-224","page","type-page","status-publish","hentry"],"_links":{"self":[{"href":"https:\/\/www.dirk-hagedorn.de\/index.php?rest_route=\/wp\/v2\/pages\/224","targetHints":{"allow":["GET"]}}],"collection":[{"href":"https:\/\/www.dirk-hagedorn.de\/index.php?rest_route=\/wp\/v2\/pages"}],"about":[{"href":"https:\/\/www.dirk-hagedorn.de\/index.php?rest_route=\/wp\/v2\/types\/page"}],"author":[{"embeddable":true,"href":"https:\/\/www.dirk-hagedorn.de\/index.php?rest_route=\/wp\/v2\/users\/1"}],"replies":[{"embeddable":true,"href":"https:\/\/www.dirk-hagedorn.de\/index.php?rest_route=%2Fwp%2Fv2%2Fcomments&post=224"}],"version-history":[{"count":5,"href":"https:\/\/www.dirk-hagedorn.de\/index.php?rest_route=\/wp\/v2\/pages\/224\/revisions"}],"predecessor-version":[{"id":1867,"href":"https:\/\/www.dirk-hagedorn.de\/index.php?rest_route=\/wp\/v2\/pages\/224\/revisions\/1867"}],"up":[{"embeddable":true,"href":"https:\/\/www.dirk-hagedorn.de\/index.php?rest_route=\/wp\/v2\/pages\/13"}],"wp:attachment":[{"href":"https:\/\/www.dirk-hagedorn.de\/index.php?rest_route=%2Fwp%2Fv2%2Fmedia&parent=224"}],"curies":[{"name":"wp","href":"https:\/\/api.w.org\/{rel}","templated":true}]}}