{"id":218,"date":"2012-03-20T05:55:48","date_gmt":"2012-03-20T05:55:48","guid":{"rendered":"http:\/\/drk.hgdrn.de\/?page_id=218"},"modified":"2020-09-03T17:22:55","modified_gmt":"2020-09-03T15:22:55","slug":"3d-labyrinth","status":"publish","type":"page","link":"https:\/\/www.dirk-hagedorn.de\/?page_id=218","title":{"rendered":"3D-Labyrinth"},"content":{"rendered":"<p>&nbsp;<\/p>\n<table border=\"0\" cellspacing=\"0\" cellpadding=\"0\">\n<tbody>\n<tr style=\"background: #ccc;\">\n<td><strong>Programm:<\/strong><\/td>\n<td>3D-Labyrinth f\u00fcr Atari<\/td>\n<\/tr>\n<tr>\n<td><strong>Version:<\/strong><\/td>\n<td>0.1 (22.08.1995)<\/td>\n<\/tr>\n<tr>\n<td><strong>Lizenz:<\/strong><\/td>\n<td>Freeware<\/td>\n<\/tr>\n<tr>\n<td valign=\"top\"><strong>Beschreibung:<\/strong><\/td>\n<td>In diesem kleinen Programm geht es bisher nur darum, den Ausgang eines Labyrinths zu finden, welches Ihnen als 3D-Grafik pr\u00e4sentiert wird. Nachdem man den Ausgang gefunden hat, kommt man in ein weiteres, gr\u00f6\u00dferes Labyrinth. An der kleinen Versionsnummer von 0.10 k\u00f6nnen Sie bereits erkennen, da\u00df dieses Spiel noch lange nicht fertig ist. Anmerkung 2002: Wird auch nie fertig werden. \ud83d\ude09<\/td>\n<\/tr>\n<tr>\n<td><strong>Sprache:<\/strong><\/td>\n<td>Deutsch<\/td>\n<\/tr>\n<tr>\n<td><strong>Download:<\/strong><\/td>\n<td><a title=\"Download\" href=\"\/pub\/tos\/3dlab010.zip\">3dlab010.zip<\/a> (56.519 Bytes)<\/td>\n<\/tr>\n<tr>\n<td valign=\"top\"><strong>Bildschirmfotos:<\/strong><\/td>\n<td><img loading=\"lazy\" decoding=\"async\" class=\"alignnone\" src=\"\/static\/atari\/3dlab-screen.gif\" alt=\"\" width=\"331\" height=\"368\" \/><\/td>\n<\/tr>\n<\/tbody>\n<\/table>\n","protected":false},"excerpt":{"rendered":"<p>&nbsp; Programm: 3D-Labyrinth f\u00fcr Atari Version: 0.1 (22.08.1995) Lizenz: Freeware Beschreibung: In diesem kleinen Programm geht es bisher nur darum, den Ausgang eines Labyrinths zu finden, welches Ihnen als 3D-Grafik pr\u00e4sentiert wird. Nachdem man den Ausgang gefunden hat, kommt man in ein weiteres, gr\u00f6\u00dferes Labyrinth. An der kleinen Versionsnummer von 0.10 k\u00f6nnen Sie bereits erkennen, <a class=\"more-link\" href=\"https:\/\/www.dirk-hagedorn.de\/?page_id=218\">Weiterlesen\u00a0\u2026<\/a><\/p>\n","protected":false},"author":1,"featured_media":0,"parent":13,"menu_order":10,"comment_status":"open","ping_status":"open","template":"","meta":{"footnotes":""},"class_list":["post-218","page","type-page","status-publish","hentry"],"_links":{"self":[{"href":"https:\/\/www.dirk-hagedorn.de\/index.php?rest_route=\/wp\/v2\/pages\/218","targetHints":{"allow":["GET"]}}],"collection":[{"href":"https:\/\/www.dirk-hagedorn.de\/index.php?rest_route=\/wp\/v2\/pages"}],"about":[{"href":"https:\/\/www.dirk-hagedorn.de\/index.php?rest_route=\/wp\/v2\/types\/page"}],"author":[{"embeddable":true,"href":"https:\/\/www.dirk-hagedorn.de\/index.php?rest_route=\/wp\/v2\/users\/1"}],"replies":[{"embeddable":true,"href":"https:\/\/www.dirk-hagedorn.de\/index.php?rest_route=%2Fwp%2Fv2%2Fcomments&post=218"}],"version-history":[{"count":6,"href":"https:\/\/www.dirk-hagedorn.de\/index.php?rest_route=\/wp\/v2\/pages\/218\/revisions"}],"predecessor-version":[{"id":1868,"href":"https:\/\/www.dirk-hagedorn.de\/index.php?rest_route=\/wp\/v2\/pages\/218\/revisions\/1868"}],"up":[{"embeddable":true,"href":"https:\/\/www.dirk-hagedorn.de\/index.php?rest_route=\/wp\/v2\/pages\/13"}],"wp:attachment":[{"href":"https:\/\/www.dirk-hagedorn.de\/index.php?rest_route=%2Fwp%2Fv2%2Fmedia&parent=218"}],"curies":[{"name":"wp","href":"https:\/\/api.w.org\/{rel}","templated":true}]}}