{"id":187,"date":"2012-03-19T16:08:36","date_gmt":"2012-03-19T16:08:36","guid":{"rendered":"http:\/\/drk.hgdrn.de\/?page_id=187"},"modified":"2025-08-04T15:45:53","modified_gmt":"2025-08-04T13:45:53","slug":"uber","status":"publish","type":"page","link":"https:\/\/www.dirk-hagedorn.de\/?page_id=187","title":{"rendered":"Chronik"},"content":{"rendered":"<p>Meine niedliche, unbedeutende, irrelevante Webseite hat schon eine kleine Geschichte durchlebt, die ich hier mal in Ausz\u00fcgen erz\u00e4hlen m\u00f6chte.<\/p>\n<p>Los ging es eigentlich, als ich im Dezember <del datetime=\"2024-03-27T13:15:44+00:00\">1993<\/del> 1992 mit einem bei Vobis gekauften postzugelassenen Highscreen-2400-Baud-Modem zum ersten Mal online ging und mich in eine der Mailboxen einw\u00e4hlte, die auf knapp drei Seiten in der c&#8217;t aufgelistet waren. (BTW: Vobis gibt&#8217;s nicht mehr, Mailboxen leider auch nicht mehr, Postzulassungen zum Gl\u00fcck auch nicht mehr, die c&#8217;t gibt&#8217;s noch). Dass ein gewisser <a href=\"https:\/\/de.wikipedia.org\/wiki\/World_Wide_Web\" target=\"_blank\" rel=\"noopener noreferrer\">Tim Berners-Lee kurz vorher am CERN das World Wide Web erfunden<\/a> hatte &#8211; das Internet gab es schon ein wenig l\u00e4nger &#8211; wusste ich da noch nicht. Mit meinem Modem trieb ich mich dann im <a href=\"http:\/\/www.maus.de\/\" target=\"_blank\" rel=\"noopener noreferrer\">MausNet<\/a> herum, verteilte dort <a title=\"Atari\" href=\"\/?page_id=13\">meine kleinen Atari-Programme<\/a> in den \u00f6ffentlichen Programmteilen der M\u00e4use und Quarks.<\/p>\n<div id=\"attachment_1832\" style=\"width: 250px\" class=\"wp-caption alignleft\"><a href=\"\/wp-content\/uploads\/2020\/03\/google-groups-1995-04-28.jpg\" rel=\"attachment wp-att-1508\"><img loading=\"lazy\" decoding=\"async\" aria-describedby=\"caption-attachment-1832\" class=\"wp-image-1832 size-thumbnail\" src=\"\/wp-content\/uploads\/2020\/03\/google-groups-1995-04-28-240x206.jpg\" alt=\"\" width=\"240\" height=\"206\" srcset=\"https:\/\/www.dirk-hagedorn.de\/wp-content\/uploads\/2020\/03\/google-groups-1995-04-28-240x206.jpg 240w, https:\/\/www.dirk-hagedorn.de\/wp-content\/uploads\/2020\/03\/google-groups-1995-04-28-480x412.jpg 480w, https:\/\/www.dirk-hagedorn.de\/wp-content\/uploads\/2020\/03\/google-groups-1995-04-28.jpg 535w\" sizes=\"auto, (max-width: 240px) 100vw, 240px\" \/><\/a><p id=\"caption-attachment-1832\" class=\"wp-caption-text\">mein \u00e4ltestes auffindbares Usenet-Posting<\/p><\/div>\n<p>1995 ging meine erste Webseite ans Netz, die sich damals noch &#8222;hinter einer Tilde versteckte&#8220;, sprich im Homeverzeichnis meines Benutzers auf dem Server im Rechenzentrum an der Uni lag und \u00fcber folgende wenig geschmeidige URL erreichbar war: http:\/\/pbhrzx.uni-paderborn.de:8080\/~e80097\/ (<a href=\"https:\/\/groups.google.com\/d\/msg\/comp.sys.atari.programmer\/sTekfUD0QAo\/SxUNiiVlK8UJ\" target=\"_blank\" rel=\"noopener noreferrer\">Google Groups<\/a> ist mein Zeuge). Ich wei\u00df zwar nicht mehr genau, was auf der HTML-Seite zu lesen war, aber ich wei\u00df noch genau, dass ich sie mit dem vi auf einem Text-Terminal zusammengebastelt habe. Da dieses Terminal sowieso keine Grafiken darstellen konnte, enthielt meine Homepage kein damals so hochmodernes animiertes Baustellen-GIF. Ins Web ging ich sowieso nur im Poolraum der Uni. Und eigentlich war WWW doof und <a href=\"https:\/\/de.wikipedia.org\/wiki\/Gopher\" target=\"_blank\" rel=\"noopener noreferrer\">Gopher<\/a> viel spannender. Konnte ich aber auch nichts mit anfangen, war alles irgendwie wie ein Textadventure, bei dem man ohne ein L\u00f6sungsbuch an einem Punkt nicht weiterkam.<\/p>\n<p>Das \u00e4nderte sich mit <a href=\"https:\/\/de.wikipedia.org\/wiki\/NCSA_Mosaic\" target=\"_blank\" rel=\"noopener noreferrer\">Mosaic<\/a> und den ersten beiden X-Terminals im Rechenzentrum (monochrom, Hochkant-Monitor). Von denen gab&#8217;s aber im Poolraum der Uni nur zwei St\u00fcck, und die waren nat\u00fcrlich immer besetzt. Also musste man mal die eine oder andere Vorlesung schw\u00e4nzen und warten, bis eines der Terminals frei wurde. Meine Erfahrungen mit dem Web waren von Anfang an sehr positiv, denn als bereits damaliger <a href=\"https:\/\/www.heise.de\/ct\/\" target=\"_blank\" rel=\"noopener noreferrer\">c&#8217;t<\/a>-Abonnent nahm ich an einer Online-Verlosung der <a href=\"https:\/\/www.heise.de\/ix\/\" target=\"_blank\" rel=\"noopener noreferrer\">iX des Heise-Verlags<\/a> teil und gewann prompt das (wahnsinnig gute, ernsthaft!) Buch &#8222;<a title=\"Amazon\" href=\"https:\/\/www.amazon.de\/Expert-C-Programmierung-Peter-van-Linden\/dp\/3882290471\/\" target=\"_blank\" rel=\"noopener noreferrer\">Expert-C-Programmierung<\/a>&#8222;. Vermutlich gab es damals nur 42 Teilnehmer bei 23 Preisen und meine Chancen waren entsprechend hoch. \ud83d\ude09<\/p>\n<p><a href=\"\/wp-content\/uploads\/2012\/03\/wwwdhde19990710.jpg\"><img loading=\"lazy\" decoding=\"async\" class=\"alignright size-thumbnail wp-image-91\" title=\"www.dirk-hagedorn.de am 10.07.1999\" src=\"\/wp-content\/uploads\/2012\/03\/wwwdhde19990710-240x102.jpg\" alt=\"\" width=\"240\" height=\"102\" srcset=\"https:\/\/www.dirk-hagedorn.de\/wp-content\/uploads\/2012\/03\/wwwdhde19990710-240x102.jpg 240w, https:\/\/www.dirk-hagedorn.de\/wp-content\/uploads\/2012\/03\/wwwdhde19990710-480x204.jpg 480w, https:\/\/www.dirk-hagedorn.de\/wp-content\/uploads\/2012\/03\/wwwdhde19990710.jpg 977w\" sizes=\"auto, (max-width: 240px) 100vw, 240px\" \/><\/a>Kurze Zeit sp\u00e4ter k\u00f6derte mich <a href=\"https:\/\/de.wikipedia.org\/wiki\/AOL\" target=\"_blank\" rel=\"noopener noreferrer\">AOL<\/a> mit seinen hundertfach den Computermagazinen beigelegten 5\/10\/20\/40-Stunden-kostenlos-testen-CDs. Als AOL-Benutzer konnte man damals weitere vier Alias-Namen anlegen, pro Namen gab&#8217;s zwei Megabyte (in Worten: zwei <strong>Mega<\/strong>byte) Webspace. Die 10 MB reichten so eben aus, dass ich meine damaligen kleinen Atari-Tools und -Spiele und die ganzen UDO-Binaries unterbringen konnte. Unter http:\/\/members.aol.com\/DirkHage lagen die HTML-Dateien, die Archive f\u00fcr den Download musste ich passend auf die anderen Bereiche verteilen. Die Webseite fand sogar &#8211; wenn ich das jetzt nicht komplett durcheinander bringe &#8211; lobenswerte Erw\u00e4hnung in einer <a href=\"https:\/\/de.wikipedia.org\/wiki\/Tomorrow_(deutsche_Zeitschrift)\" target=\"_blank\" rel=\"noopener noreferrer\">Tomorrow<\/a>-Sonderausgabe namens &#8222;Die 1000 besten Webseiten&#8220; oder so \u00e4hnlich. Vielleicht habe ich die Ausgabe noch irgendwo in einem alten Umzugskarton liegen und k\u00f6nnte die als Beweis hier ablichten.<\/p>\n<p>Im Dezember 1998 sicherte ich mir die Dom\u00e4ne dirk-hagedorn.de \u00fcber Strato samt ein paar Gigabyte an Webspace. Wenn ich mir anschaue, wie viele Namensvetter sich heutzutage bei Facebook, XING und Co. herumtreiben, war das nicht zu fr\u00fch. Webseiten baute man noch statisch zusammen und packte sie nach jeder \u00c4nderung (oder nach der Erzeugung durch <a title=\"UDO\" href=\"\/?page_id=15\">UDO<\/a>) per FTP auf den Webserver. <a href=\"https:\/\/web.archive.org\/web\/19990503015158\/http:\/\/www.dirk-hagedorn.de\/\" target=\"_blank\" rel=\"noopener noreferrer\">1999<\/a> sah das ganze so aus, wie man sich das noch beim <a href=\"https:\/\/web.archive.org\/web\/19990503015158\/http:\/\/www.dirk-hagedorn.de\/\" target=\"_blank\" rel=\"noopener noreferrer\">Internet Archive<\/a> anschauen kann.<\/p>\n<p><a href=\"\/wp-content\/uploads\/2012\/03\/wwwdhde20020822.jpg\"><img loading=\"lazy\" decoding=\"async\" class=\"size-thumbnail wp-image-92 alignright\" style=\"margin: 16px;\" title=\"www.dirk-hagedorn.de am 22.08.2002\" src=\"\/wp-content\/uploads\/2012\/03\/wwwdhde20020822-240x174.jpg\" alt=\"\" width=\"240\" height=\"174\" srcset=\"https:\/\/www.dirk-hagedorn.de\/wp-content\/uploads\/2012\/03\/wwwdhde20020822-240x174.jpg 240w, https:\/\/www.dirk-hagedorn.de\/wp-content\/uploads\/2012\/03\/wwwdhde20020822-480x349.jpg 480w, https:\/\/www.dirk-hagedorn.de\/wp-content\/uploads\/2012\/03\/wwwdhde20020822.jpg 752w\" sizes=\"auto, (max-width: 240px) 100vw, 240px\" \/><\/a>Bis 2002 machte ich das genau so. Und weil ich danach kaum noch zum Programmieren kam und auch sonst wenig auf meiner Webseite mitzuteilen hatte, blieb die Webseite seit dieser Zeit unver\u00e4ndert. Interessanterweise habe ich die Seite damals zwar mit Tabellen layoutet (Tabellen sind heute gr\u00f6\u00dftenteils pfui b\u00e4h), aber sie wird auch heute noch, sprich 15 Jahre sp\u00e4ter, in allen verf\u00fcgbaren Browsern korrekt angezeigt.<\/p>\n<p>In den letzten Jahren habe ich mit einigen Content-Management-Systemen (CMS) herumspielen d\u00fcrfen\/m\u00fcssen und mein Herz f\u00fcr WordPress entdeckt. Die kleine Dorfseite <a href=\"http:\/\/www.dorfgemeinschaft-seidfeld.de\/\" target=\"_blank\" rel=\"noopener noreferrer\">dorfgemeinschaft-seidfeld.de<\/a> und mein Herumtreiber-Foto-Blog <a href=\"http:\/\/unterwegs.hgdrn.de\" target=\"_blank\" rel=\"noopener noreferrer\">unterwegs.hgdrn.de<\/a> betreibe ich seit einiger Zeit mit WordPress.<\/p>\n<p>Ich treibe mich allerdings auch so oft virtuell herum und entdecke bei meinen Streifz\u00fcgen durch das Web die eine oder andere gro\u00dfartige Seite. Nun kann man die bei <a href=\"https:\/\/www.facebook.com\/drkhgdrn\" target=\"_blank\" rel=\"noopener noreferrer\">Facebook<\/a> teilen, den Link bei <a href=\"https:\/\/twitter.com\/hgdrn\" target=\"_blank\" rel=\"noopener noreferrer\">Twitter<\/a> posten oder bei <a href=\"https:\/\/plus.google.com\/u\/0\/114367682510033152022\/\" target=\"_blank\" rel=\"noopener noreferrer\">Google+<\/a> eins-plus-en (plus-eins-en?), aber irgendwie hatte ich in den letzten Tagen h\u00e4ufiger das Gef\u00fchl, dass ich die Fundst\u00fcckchen gerne bei <em>mir<\/em> auf <em>meinen<\/em> Seiten f\u00fcr <em>mich <\/em>(und f\u00fcr alle die, die hier vorbeischauen) notiere. Und wenn ich mal ein Foto ver\u00f6ffentlichen m\u00f6chte, dann m\u00f6chte ich das auf meinem Server zu meinen Copyright-Bedingungen machen, und nicht bei irgendeiner Firma tun, die ihren Sitz irgendwo im Ausland hat, die ihre AGBs alle paar Wochen \u00e4ndert und die beim Hochladen eines Bildes gleich alle Rechte an diesem Bild f\u00fcr sich beansprucht.<\/p>\n<p>Wie sich dieses Blog entwickeln wird, ich wei\u00df es noch nicht. Auf jeden Fall tut sich mal wieder etwas auf meiner Web-Pr\u00e4senz, das ist doch schon einmal etwas.<\/p>\n<p>P.S.: Was ich so an Software im letzten Jahrtausend zusammengebastelt habe, findet sich im <a title=\"Software-Museum\" href=\"\/?page_id=4\">Software-Museum<\/a> wieder. Man gelangt \u00fcber das Men\u00fc oben rechts dort hin und kann dort auch noch die alten Archive herunterladen.<\/p>\n<p>P.P.S.: Ein Buch \u00fcber die Android-Programmierung habe ich schon gekauft, und ein &#8222;Invers f\u00fcr Android&#8220; k\u00f6nnte ich wohl in wenigen Stunden zum Download bereitstellen. Ich habe aber derzeit noch keine Lust, mich f\u00fcr diesen <del datetime=\"2012-03-23T22:46:47+00:00\">Android-Market<\/del> Google Play Store anzumelden. Au\u00dferdem ist jetzt wieder gutes Wetter, und da nutze ich die kostbare Zeit lieber f\u00fcr&#8217;s Radfahren&#8230;<\/p>\n<p>Update: Ich habe beim Aktenvernichten die Rechnung f\u00fcr mein zweites Modem (ein Zyxel) gefunden, die auf Sommer 1993 datiert war. Mein erstes Modem habe ich also bereits 1992 gekauft.<\/p>\n","protected":false},"excerpt":{"rendered":"<p>Meine niedliche, unbedeutende, irrelevante Webseite hat schon eine kleine Geschichte durchlebt, die ich hier mal in Ausz\u00fcgen erz\u00e4hlen m\u00f6chte. Los ging es eigentlich, als ich im Dezember 1993 1992 mit einem bei Vobis gekauften postzugelassenen Highscreen-2400-Baud-Modem zum ersten Mal online ging und mich in eine der Mailboxen einw\u00e4hlte, die auf knapp drei Seiten in der <a class=\"more-link\" href=\"https:\/\/www.dirk-hagedorn.de\/?page_id=187\">Weiterlesen\u00a0\u2026<\/a><\/p>\n","protected":false},"author":1,"featured_media":0,"parent":0,"menu_order":80,"comment_status":"open","ping_status":"closed","template":"","meta":{"footnotes":""},"class_list":["post-187","page","type-page","status-publish","hentry"],"_links":{"self":[{"href":"https:\/\/www.dirk-hagedorn.de\/index.php?rest_route=\/wp\/v2\/pages\/187","targetHints":{"allow":["GET"]}}],"collection":[{"href":"https:\/\/www.dirk-hagedorn.de\/index.php?rest_route=\/wp\/v2\/pages"}],"about":[{"href":"https:\/\/www.dirk-hagedorn.de\/index.php?rest_route=\/wp\/v2\/types\/page"}],"author":[{"embeddable":true,"href":"https:\/\/www.dirk-hagedorn.de\/index.php?rest_route=\/wp\/v2\/users\/1"}],"replies":[{"embeddable":true,"href":"https:\/\/www.dirk-hagedorn.de\/index.php?rest_route=%2Fwp%2Fv2%2Fcomments&post=187"}],"version-history":[{"count":24,"href":"https:\/\/www.dirk-hagedorn.de\/index.php?rest_route=\/wp\/v2\/pages\/187\/revisions"}],"predecessor-version":[{"id":2214,"href":"https:\/\/www.dirk-hagedorn.de\/index.php?rest_route=\/wp\/v2\/pages\/187\/revisions\/2214"}],"wp:attachment":[{"href":"https:\/\/www.dirk-hagedorn.de\/index.php?rest_route=%2Fwp%2Fv2%2Fmedia&parent=187"}],"curies":[{"name":"wp","href":"https:\/\/api.w.org\/{rel}","templated":true}]}}