{"id":159,"date":"2012-03-19T15:16:10","date_gmt":"2012-03-19T15:16:10","guid":{"rendered":"http:\/\/drk.hgdrn.de\/?page_id=159"},"modified":"2020-09-03T17:30:26","modified_gmt":"2020-09-03T15:30:26","slug":"udo-shell-16","status":"publish","type":"page","link":"https:\/\/www.dirk-hagedorn.de\/?page_id=159","title":{"rendered":"UDO-Shell 16"},"content":{"rendered":"<p>&nbsp;<\/p>\n<table border=\"0\" cellspacing=\"0\" cellpadding=\"0\">\n<tbody>\n<tr style=\"background: #ccc;\">\n<td><strong>Programm:<\/strong><\/td>\n<td>UDO-Shell 16<\/td>\n<\/tr>\n<tr>\n<td><strong>Version:<\/strong><\/td>\n<td>0.08 (10.02.1997)<\/td>\n<\/tr>\n<tr>\n<td><strong>Lizenz:<\/strong><\/td>\n<td>Freeware<\/td>\n<\/tr>\n<tr>\n<td><strong>Sourcecode:<\/strong><\/td>\n<td>Borland C++ 3.0<\/td>\n<\/tr>\n<tr>\n<td valign=\"top\"><strong>Beschreibung:<\/strong><\/td>\n<td>Die UDO-Shell ist ein kleines Hilfsprogramm f\u00fcr all die Benutzer, die die DOS-Version von UDO unter Windows 3.x verwenden. Mit der UDO-Shell k\u00f6nnen alle Optionen f\u00fcr UDO eingestellt werden und UDO nebst Editor, zus\u00e4tzlichen Hypertextcompilern, Browsern oder sonstigen n\u00f6tigen Programmen gestartet werden. Die UDO-Shell 16 wird nicht mehr weiterentwickelt, der komplette Sourcecode f\u00fcr Borland C++ 3.x liegt jedoch bei.<\/td>\n<\/tr>\n<tr>\n<td><strong>Sprache:<\/strong><\/td>\n<td>Deutsch<\/td>\n<\/tr>\n<tr>\n<td><strong>Download:<\/strong><\/td>\n<td><a title=\"Download\" href=\"\/pub\/win16\/udosh008.zip\">udosh008.zip<\/a> (87.396 Bytes)<\/td>\n<\/tr>\n<tr>\n<td valign=\"top\"><strong>Bildschirmfotos:<\/strong><\/td>\n<td><a href=\"\/static\/windows\/udosh16-screen.gif\"><img loading=\"lazy\" decoding=\"async\" class=\"alignnone\" src=\"\/static\/windows\/udosh16-thumb.gif\" alt=\"\" width=\"281\" height=\"189\" \/><\/a><\/td>\n<\/tr>\n<tr>\n<td><strong>Hinweis:<\/strong><\/td>\n<td>F\u00fcr 32-Bit-Systeme steht die <a href=\"\/?page_id=157\" title=\"UDO-Shell 32\">UDO-Shell 32<\/a> zur Verf\u00fcgung.<\/td>\n<\/tr>\n<\/tbody>\n<\/table>\n","protected":false},"excerpt":{"rendered":"<p>&nbsp; Programm: UDO-Shell 16 Version: 0.08 (10.02.1997) Lizenz: Freeware Sourcecode: Borland C++ 3.0 Beschreibung: Die UDO-Shell ist ein kleines Hilfsprogramm f\u00fcr all die Benutzer, die die DOS-Version von UDO unter Windows 3.x verwenden. Mit der UDO-Shell k\u00f6nnen alle Optionen f\u00fcr UDO eingestellt werden und UDO nebst Editor, zus\u00e4tzlichen Hypertextcompilern, Browsern oder sonstigen n\u00f6tigen Programmen gestartet <a class=\"more-link\" href=\"https:\/\/www.dirk-hagedorn.de\/?page_id=159\">Weiterlesen\u00a0\u2026<\/a><\/p>\n","protected":false},"author":1,"featured_media":0,"parent":9,"menu_order":70,"comment_status":"open","ping_status":"open","template":"","meta":{"footnotes":""},"class_list":["post-159","page","type-page","status-publish","hentry"],"_links":{"self":[{"href":"https:\/\/www.dirk-hagedorn.de\/index.php?rest_route=\/wp\/v2\/pages\/159","targetHints":{"allow":["GET"]}}],"collection":[{"href":"https:\/\/www.dirk-hagedorn.de\/index.php?rest_route=\/wp\/v2\/pages"}],"about":[{"href":"https:\/\/www.dirk-hagedorn.de\/index.php?rest_route=\/wp\/v2\/types\/page"}],"author":[{"embeddable":true,"href":"https:\/\/www.dirk-hagedorn.de\/index.php?rest_route=\/wp\/v2\/users\/1"}],"replies":[{"embeddable":true,"href":"https:\/\/www.dirk-hagedorn.de\/index.php?rest_route=%2Fwp%2Fv2%2Fcomments&post=159"}],"version-history":[{"count":6,"href":"https:\/\/www.dirk-hagedorn.de\/index.php?rest_route=\/wp\/v2\/pages\/159\/revisions"}],"predecessor-version":[{"id":1896,"href":"https:\/\/www.dirk-hagedorn.de\/index.php?rest_route=\/wp\/v2\/pages\/159\/revisions\/1896"}],"up":[{"embeddable":true,"href":"https:\/\/www.dirk-hagedorn.de\/index.php?rest_route=\/wp\/v2\/pages\/9"}],"wp:attachment":[{"href":"https:\/\/www.dirk-hagedorn.de\/index.php?rest_route=%2Fwp%2Fv2%2Fmedia&parent=159"}],"curies":[{"name":"wp","href":"https:\/\/api.w.org\/{rel}","templated":true}]}}