{"id":15,"date":"2012-03-17T16:15:33","date_gmt":"2012-03-17T15:15:33","guid":{"rendered":"http:\/\/drk.hgdrn.de\/?page_id=15"},"modified":"2020-09-03T17:33:21","modified_gmt":"2020-09-03T15:33:21","slug":"udo","status":"publish","type":"page","link":"https:\/\/www.dirk-hagedorn.de\/?page_id=15","title":{"rendered":"UDO"},"content":{"rendered":"<p>Das UDO-Projekt wurde im Januar 1995 von mir aus der Not geboren, eine inhaltlich identische Dokumentation in mehreren Formaten zu erzeugen. UDO ist die Abk\u00fcrzung f\u00fcr &#8218;Universal Document&#8216; und steht zugleich f\u00fcr ein propriet\u00e4res, ascii-basiertes Textformat sowie die passende Konvertersoftware zur Erzeugung diverser Zielformate wie<\/p>\n<ul>\n<li>HTML<\/li>\n<li>WinHelp<\/li>\n<li>RTF<\/li>\n<li>LaTeX<\/li>\n<li>Texinfo<\/li>\n<\/ul>\n<p>&#8230; und viele andere.<\/p>\n<p>&nbsp;<\/p>\n<h2>Open Source<\/h2>\n<p>UDO wird ab sofort unter der GNU General Public Licence vertrieben, ist somit kostenlos nutzbar und mit Sourcecode erh\u00e4ltlich.<\/p>\n<p>Ehemals als Shareware vertrieben, jedoch aufgrund chronischen Zeitmangels schlecht gepflegt und sehr schleppend weiterentwickelt, bedeutet die \u00dcbergabe der Quelltexte an die Open-Source-Gemeinschaft eine (hoffentlich) gesicherte Zukunft und sinnvolle Weiterentwicklung eines interessanten und n\u00fctzlichen Projektes.<\/p>\n<p><strong><a href=\"https:\/\/www.udo-open-source.org\/\" target=\"_blank\" rel=\"noopener noreferrer\">https:\/\/www.udo-open-source.org<\/a><\/strong><\/p>\n<p>&#8230; lautet eine URL, die man sich merken sollte. Hier findet man ab sofort alles rund UDO, von den aktuellen Quelltexten und Binaries f\u00fcr diverse Betriebssysteme \u00fcber die aktuelle Dokumentation bis hin zu Tipps &amp; Tricks und der M\u00f6glichkeit, sich aktiv in Mailinglisten zu beteiligen.<\/p>\n<p>&nbsp;<\/p>\n<h2>Download der Original-Quelltexte<\/h2>\n<p>Sollten Sie an den aktuellen Quelltexten von UDO interessiert sein, so besuchen Sie <a href=\"https:\/\/www.udo-open-source.org\/\" target=\"_blank\" rel=\"noopener noreferrer\">https:\/\/www.udo-open-source.org<\/a>. Die von mir im Oktober 2001 freigegebenen Quelltexte &#8211; die somit dem Urzustand von UDO Open Source entsprechen k\u00f6nnen Sie hier herunterladen:<\/p>\n<table>\n<tbody>\n<tr style=\"background: #ccc;\">\n<td colspan=\"5\"><strong>UDO Quelltexte<\/strong> (total veraltet)<\/td>\n<\/tr>\n<tr style=\"background: #eee;\">\n<td><\/td>\n<td>Version<\/td>\n<td>Download<\/td>\n<td>Gr\u00f6\u00dfe<\/td>\n<\/tr>\n<tr>\n<td><img loading=\"lazy\" decoding=\"async\" title=\"\" src=\"\/static\/triblk08.gif\" alt=\"\" width=\"8\" height=\"8\" border=\"\" \/><\/td>\n<td>R6 PL14<\/td>\n<td><a href=\"\/pub\/udo\/udo-open-source-rel6-pl14.tar.gz\">udo-open-source-rel6-pl14.tar.gz<\/a><\/td>\n<td>653.501 Bytes<\/td>\n<\/tr>\n<\/tbody>\n<\/table>\n<h2><\/h2>\n<h2>Download der Original-Binaries<strong><br \/>\n<\/strong><\/h2>\n<p>Die zuletzt von mir erstellten Binaries k\u00f6nnen Sie hier herunterladen:<\/p>\n<table>\n<tbody>\n<tr style=\"background: #ccc;\">\n<td colspan=\"5\"><strong>UDO Binaries <\/strong>(total veraltet)<strong><br \/>\n<\/strong><\/td>\n<\/tr>\n<tr style=\"background: #eee;\">\n<td><\/td>\n<td>Betriebssystem<\/td>\n<td>Version<\/td>\n<td>Download<\/td>\n<td>Gr\u00f6\u00dfe<\/td>\n<\/tr>\n<tr>\n<td><img loading=\"lazy\" decoding=\"async\" title=\"\" src=\"\/static\/triblk08.gif\" alt=\"\" width=\"8\" height=\"8\" border=\"\" \/><\/td>\n<td><a href=\"\/pub\/udo\/amiga\/udo-r6-pl12-amiga.tar.gz\">Amiga OS<\/a><\/td>\n<td>R6 PL12<\/td>\n<td><a href=\"\/pub\/udo\/amiga\/udo-r6-pl12-amiga.tar.gz\">udo-r6-pl12-amiga.tar.gz<\/a><\/td>\n<td>219.006 Bytes<\/td>\n<\/tr>\n<tr>\n<td><img loading=\"lazy\" decoding=\"async\" title=\"\" src=\"\/static\/triblk08.gif\" alt=\"\" width=\"8\" height=\"8\" border=\"\" \/><\/td>\n<td><a href=\"\/pub\/udo\/tos\/udo-r6-pl14-tos.zip\">Atari TOS<\/a><\/td>\n<td>R6 PL14<\/td>\n<td><a href=\"\/pub\/udo\/tos\/udo-r6-pl14-tos.zip\">udo-r6-pl14-tos.zip<\/a><\/td>\n<td>361.194 Bytes<\/td>\n<\/tr>\n<tr>\n<td><img loading=\"lazy\" decoding=\"async\" title=\"\" src=\"\/static\/triblk08.gif\" alt=\"\" width=\"8\" height=\"8\" border=\"\" \/><\/td>\n<td><a href=\"\/pub\/udo\/beos\/udo-r6-pl12-beos.zip\">BeOS<\/a><\/td>\n<td>R6 PL12<\/td>\n<td><a href=\"\/pub\/udo\/beos\/udo-r6-pl12-beos.zip\">udo-r6-pl12-beos.zip<\/a><\/td>\n<td>367.104 Bytes<\/td>\n<\/tr>\n<tr>\n<td><img loading=\"lazy\" decoding=\"async\" title=\"\" src=\"\/static\/triblk08.gif\" alt=\"\" width=\"8\" height=\"8\" border=\"\" \/><\/td>\n<td><a href=\"\/pub\/udo\/dos-os2\/u6p13dos.zip\">DOS, OS\/2<\/a><\/td>\n<td>R6 PL13<\/td>\n<td><a href=\"\/pub\/udo\/dos-os2\/u6p13dos.zip\">u6p13dos.zip<\/a><\/td>\n<td>185.955 Bytes<\/td>\n<\/tr>\n<tr>\n<td><img loading=\"lazy\" decoding=\"async\" title=\"\" src=\"\/static\/triblk08.gif\" alt=\"\" width=\"8\" height=\"8\" border=\"\" \/><\/td>\n<td><a href=\"\/pub\/udo\/linux\/udo-r6-pl13-linux.tar.gz\">Linux<\/a><\/td>\n<td>R6 PL13<\/td>\n<td><a href=\"\/pub\/udo\/linux\/udo-r6-pl13-linux.tar.gz\">udo-r6-pl13-linux.tar.gz<\/a><\/td>\n<td>170.334 Bytes<\/td>\n<\/tr>\n<tr>\n<td><img loading=\"lazy\" decoding=\"async\" title=\"\" src=\"\/static\/triblk08.gif\" alt=\"\" width=\"8\" height=\"8\" border=\"\" \/><\/td>\n<td><a href=\"\/pub\/udo\/mac\/udo-r6-pl0-ger-mac\">MacOS<\/a><\/td>\n<td>R6 PL0<\/td>\n<td><a href=\"\/pub\/udo\/mac\/udo-r6-pl0-ger-mac\">udo-r6-pl0-ger-mac<\/a><\/td>\n<td>464.256 Bytes<\/td>\n<\/tr>\n<tr>\n<td><img loading=\"lazy\" decoding=\"async\" title=\"\" src=\"\/static\/triblk08.gif\" alt=\"\" width=\"8\" height=\"8\" border=\"\" \/><\/td>\n<td><a href=\"\/pub\/udo\/nextstep\/udo-r6-pl0-ger-next.tgz\">NeXTStep<\/a><\/td>\n<td>R6 PL0<\/td>\n<td><a href=\"\/pub\/udo\/nextstep\/udo-r6-pl0-ger-next.tgz\">udo-r6-pl0-ger-next.tgz<\/a><\/td>\n<td>462.544 Bytes<\/td>\n<\/tr>\n<tr>\n<td><img loading=\"lazy\" decoding=\"async\" title=\"\" src=\"\/static\/triblk08.gif\" alt=\"\" width=\"8\" height=\"8\" border=\"\" \/><\/td>\n<td><a href=\"\/pub\/udo\/sinix\/udo-r6-pl0-ger-sinix.tgz\">Sinix<\/a><\/td>\n<td>R6 PL0<\/td>\n<td><a href=\"\/pub\/udo\/sinix\/udo-r6-pl0-ger-sinix.tgz\">udo-r6-pl0-ger-sinix.tgz<\/a><\/td>\n<td>320.122 Bytes<\/td>\n<\/tr>\n<tr>\n<td><img loading=\"lazy\" decoding=\"async\" title=\"\" src=\"\/static\/triblk08.gif\" alt=\"\" width=\"8\" height=\"8\" border=\"\" \/><\/td>\n<td><a href=\"\/pub\/udo\/win32\/udo-r6-pl13-win32.zip\">Win32<\/a><\/td>\n<td>R6 PL13<\/td>\n<td><a href=\"\/pub\/udo\/win32\/udo-r6-pl13-win32.zip\">udo-r6-pl13-win32.zip<\/a><\/td>\n<td>234.210 Bytes<\/td>\n<\/tr>\n<\/tbody>\n<\/table>\n","protected":false},"excerpt":{"rendered":"<p>Das UDO-Projekt wurde im Januar 1995 von mir aus der Not geboren, eine inhaltlich identische Dokumentation in mehreren Formaten zu erzeugen. UDO ist die Abk\u00fcrzung f\u00fcr &#8218;Universal Document&#8216; und steht zugleich f\u00fcr ein propriet\u00e4res, ascii-basiertes Textformat sowie die passende Konvertersoftware zur Erzeugung diverser Zielformate wie HTML WinHelp RTF LaTeX Texinfo &#8230; und viele andere. &nbsp; <a class=\"more-link\" href=\"https:\/\/www.dirk-hagedorn.de\/?page_id=15\">Weiterlesen\u00a0\u2026<\/a><\/p>\n","protected":false},"author":1,"featured_media":0,"parent":4,"menu_order":4,"comment_status":"open","ping_status":"closed","template":"","meta":{"footnotes":""},"class_list":["post-15","page","type-page","status-publish","hentry"],"_links":{"self":[{"href":"https:\/\/www.dirk-hagedorn.de\/index.php?rest_route=\/wp\/v2\/pages\/15","targetHints":{"allow":["GET"]}}],"collection":[{"href":"https:\/\/www.dirk-hagedorn.de\/index.php?rest_route=\/wp\/v2\/pages"}],"about":[{"href":"https:\/\/www.dirk-hagedorn.de\/index.php?rest_route=\/wp\/v2\/types\/page"}],"author":[{"embeddable":true,"href":"https:\/\/www.dirk-hagedorn.de\/index.php?rest_route=\/wp\/v2\/users\/1"}],"replies":[{"embeddable":true,"href":"https:\/\/www.dirk-hagedorn.de\/index.php?rest_route=%2Fwp%2Fv2%2Fcomments&post=15"}],"version-history":[{"count":16,"href":"https:\/\/www.dirk-hagedorn.de\/index.php?rest_route=\/wp\/v2\/pages\/15\/revisions"}],"predecessor-version":[{"id":1900,"href":"https:\/\/www.dirk-hagedorn.de\/index.php?rest_route=\/wp\/v2\/pages\/15\/revisions\/1900"}],"up":[{"embeddable":true,"href":"https:\/\/www.dirk-hagedorn.de\/index.php?rest_route=\/wp\/v2\/pages\/4"}],"wp:attachment":[{"href":"https:\/\/www.dirk-hagedorn.de\/index.php?rest_route=%2Fwp%2Fv2%2Fmedia&parent=15"}],"curies":[{"name":"wp","href":"https:\/\/api.w.org\/{rel}","templated":true}]}}