{"id":149,"date":"2012-03-19T15:11:46","date_gmt":"2012-03-19T15:11:46","guid":{"rendered":"http:\/\/drk.hgdrn.de\/?page_id=149"},"modified":"2020-09-03T17:29:47","modified_gmt":"2020-09-03T15:29:47","slug":"midithru-win","status":"publish","type":"page","link":"https:\/\/www.dirk-hagedorn.de\/?page_id=149","title":{"rendered":"MidiThru"},"content":{"rendered":"<p>&nbsp;<\/p>\n<table border=\"0\" cellspacing=\"0\" cellpadding=\"0\">\n<tbody>\n<tr style=\"background: #ccc;\">\n<td><strong>Programm:<\/strong><\/td>\n<td>MidiThru<\/td>\n<\/tr>\n<tr>\n<td><strong>Version:<\/strong><\/td>\n<td>0.1b (17.08.2002)<\/td>\n<\/tr>\n<tr>\n<td><strong>Lizenz:<\/strong><\/td>\n<td>Freeware<\/td>\n<\/tr>\n<tr>\n<td valign=\"top\"><strong>Beschreibung:<\/strong><\/td>\n<td>MidiThru ist lediglich eine kleine Hilfsanwendung f\u00fcr alle MIDI-Interessierten, die MIDI-In-Signale an einen beliebigen Kanal auf MIDI-Out senden m\u00f6chten. Es bildet demnach nur die kleine Thru-Funktionalit\u00e4t gro\u00dfer Sequencer-Programme nach, erspart einem aber den langwierigen Start derselben, wenn man nur mal so eben zwischendurch ein paar Synthisounds durchtesten m\u00f6chte.<\/td>\n<\/tr>\n<tr>\n<td><strong>Sprache:<\/strong><\/td>\n<td>Englisch<\/td>\n<\/tr>\n<tr>\n<td><strong>Download:<\/strong><\/td>\n<td><a title=\"Download\" href=\"\/pub\/win32\/mthru01b.zip\">mthru01b.zip<\/a> (234.699 Bytes)<\/td>\n<\/tr>\n<tr>\n<td valign=\"top\"><strong>Bildschirmfotos:<\/strong><\/td>\n<td><img loading=\"lazy\" decoding=\"async\" class=\"alignnone\" src=\"\/static\/windows\/mthru-screen.gif\" alt=\"\" width=\"343\" height=\"166\" \/><\/td>\n<\/tr>\n<tr>\n<td><strong>Hinweis:<\/strong><\/td>\n<td>Es handelt sich um eine Beta-Version, Benutzung auf eigene Gefahr. Bei mir l\u00e4uft&#8217;s. \ud83d\ude09<\/td>\n<\/tr>\n<\/tbody>\n<\/table>\n","protected":false},"excerpt":{"rendered":"<p>&nbsp; Programm: MidiThru Version: 0.1b (17.08.2002) Lizenz: Freeware Beschreibung: MidiThru ist lediglich eine kleine Hilfsanwendung f\u00fcr alle MIDI-Interessierten, die MIDI-In-Signale an einen beliebigen Kanal auf MIDI-Out senden m\u00f6chten. Es bildet demnach nur die kleine Thru-Funktionalit\u00e4t gro\u00dfer Sequencer-Programme nach, erspart einem aber den langwierigen Start derselben, wenn man nur mal so eben zwischendurch ein paar Synthisounds <a class=\"more-link\" href=\"https:\/\/www.dirk-hagedorn.de\/?page_id=149\">Weiterlesen\u00a0\u2026<\/a><\/p>\n","protected":false},"author":1,"featured_media":0,"parent":9,"menu_order":40,"comment_status":"open","ping_status":"closed","template":"","meta":{"footnotes":""},"class_list":["post-149","page","type-page","status-publish","hentry"],"_links":{"self":[{"href":"https:\/\/www.dirk-hagedorn.de\/index.php?rest_route=\/wp\/v2\/pages\/149","targetHints":{"allow":["GET"]}}],"collection":[{"href":"https:\/\/www.dirk-hagedorn.de\/index.php?rest_route=\/wp\/v2\/pages"}],"about":[{"href":"https:\/\/www.dirk-hagedorn.de\/index.php?rest_route=\/wp\/v2\/types\/page"}],"author":[{"embeddable":true,"href":"https:\/\/www.dirk-hagedorn.de\/index.php?rest_route=\/wp\/v2\/users\/1"}],"replies":[{"embeddable":true,"href":"https:\/\/www.dirk-hagedorn.de\/index.php?rest_route=%2Fwp%2Fv2%2Fcomments&post=149"}],"version-history":[{"count":7,"href":"https:\/\/www.dirk-hagedorn.de\/index.php?rest_route=\/wp\/v2\/pages\/149\/revisions"}],"predecessor-version":[{"id":1892,"href":"https:\/\/www.dirk-hagedorn.de\/index.php?rest_route=\/wp\/v2\/pages\/149\/revisions\/1892"}],"up":[{"embeddable":true,"href":"https:\/\/www.dirk-hagedorn.de\/index.php?rest_route=\/wp\/v2\/pages\/9"}],"wp:attachment":[{"href":"https:\/\/www.dirk-hagedorn.de\/index.php?rest_route=%2Fwp%2Fv2%2Fmedia&parent=149"}],"curies":[{"name":"wp","href":"https:\/\/api.w.org\/{rel}","templated":true}]}}