{"id":147,"date":"2012-03-19T15:10:55","date_gmt":"2012-03-19T15:10:55","guid":{"rendered":"http:\/\/drk.hgdrn.de\/?page_id=147"},"modified":"2020-09-03T17:29:32","modified_gmt":"2020-09-03T15:29:32","slug":"moveit-16-win","status":"publish","type":"page","link":"https:\/\/www.dirk-hagedorn.de\/?page_id=147","title":{"rendered":"MoveIt 16"},"content":{"rendered":"<p>&nbsp;<\/p>\n<table border=\"0\" cellspacing=\"0\" cellpadding=\"0\">\n<tbody>\n<tr style=\"background: #ccc;\">\n<td><strong>Programm:<\/strong><\/td>\n<td>MoveIt 16<\/td>\n<\/tr>\n<tr>\n<td><strong>Version:<\/strong><\/td>\n<td>1.0 (17. Juni 1997)<\/td>\n<\/tr>\n<tr>\n<td><strong>Lizenz:<\/strong><\/td>\n<td>Freeware<\/td>\n<\/tr>\n<tr>\n<td valign=\"top\"><strong>Beschreibung:<\/strong><\/td>\n<td>MoveIt ist eine Windows-Version (16 Bit) des Klassikers &#8218;Sokoban&#8216; mit insgesamt 50 Leveln; einer schwerer und verzwickter als der andere. Ziel jedes Levels ist es, eine gewisse Anzahl an Kugeln auf vorgegebene Positionen zu schieben. Das klingt leichter, als gesagt. Und da es manchmal nicht so einfach ist, auf Anhieb eine L\u00f6sung zu finden, unterst\u00fctzt Sie MoveIt durch einige Hilfsfunktionen wie die Sicherung von Spielpositionen oder die R\u00fccknahme des letzten Zuges. Damit man nicht jedesmal wieder beim ersten Level beginnen mu\u00df, wird zu Beginn jedes Levels eine Geheimzahl ausgegeben. Mit dieser Geheimzahl k\u00f6nnen Sie dann sp\u00e4ter einen Level direkt ansteuern. MoveIt ist Freeware.<\/td>\n<\/tr>\n<tr>\n<td><strong>Sprache:<\/strong><\/td>\n<td>Deutsch<\/td>\n<\/tr>\n<tr>\n<td><strong>Download:<\/strong><\/td>\n<td><a title=\"Download\" href=\"\/pub\/win16\/moveit10.zip\">moveit10.zip<\/a> (62.986 Bytes)<\/td>\n<\/tr>\n<tr>\n<td valign=\"top\"><strong>Bildschirmfotos:<\/strong><\/td>\n<td><a href=\"\/static\/windows\/moveit16-screen.gif\"><img loading=\"lazy\" decoding=\"async\" class=\"alignnone\" src=\"\/static\/windows\/moveit16-thumb.gif\" alt=\"\" width=\"241\" height=\"212\" \/><\/a><\/td>\n<\/tr>\n<tr>\n<td><strong>Hinweis:<\/strong><\/td>\n<td>MoveIt ist auch als <a title=\"MoveIt 32\" href=\"\/?page_id=145\">32-Bit-Windows<\/a>&#8211; und als <a title=\"MoveIt\" href=\"\/?page_id=228\">Atari-Version<\/a> verf\u00fcgbar.<\/td>\n<\/tr>\n<\/tbody>\n<\/table>\n","protected":false},"excerpt":{"rendered":"<p>&nbsp; Programm: MoveIt 16 Version: 1.0 (17. Juni 1997) Lizenz: Freeware Beschreibung: MoveIt ist eine Windows-Version (16 Bit) des Klassikers &#8218;Sokoban&#8216; mit insgesamt 50 Leveln; einer schwerer und verzwickter als der andere. Ziel jedes Levels ist es, eine gewisse Anzahl an Kugeln auf vorgegebene Positionen zu schieben. Das klingt leichter, als gesagt. Und da es <a class=\"more-link\" href=\"https:\/\/www.dirk-hagedorn.de\/?page_id=147\">Weiterlesen\u00a0\u2026<\/a><\/p>\n","protected":false},"author":1,"featured_media":0,"parent":9,"menu_order":30,"comment_status":"open","ping_status":"closed","template":"","meta":{"footnotes":""},"class_list":["post-147","page","type-page","status-publish","hentry"],"_links":{"self":[{"href":"https:\/\/www.dirk-hagedorn.de\/index.php?rest_route=\/wp\/v2\/pages\/147","targetHints":{"allow":["GET"]}}],"collection":[{"href":"https:\/\/www.dirk-hagedorn.de\/index.php?rest_route=\/wp\/v2\/pages"}],"about":[{"href":"https:\/\/www.dirk-hagedorn.de\/index.php?rest_route=\/wp\/v2\/types\/page"}],"author":[{"embeddable":true,"href":"https:\/\/www.dirk-hagedorn.de\/index.php?rest_route=\/wp\/v2\/users\/1"}],"replies":[{"embeddable":true,"href":"https:\/\/www.dirk-hagedorn.de\/index.php?rest_route=%2Fwp%2Fv2%2Fcomments&post=147"}],"version-history":[{"count":8,"href":"https:\/\/www.dirk-hagedorn.de\/index.php?rest_route=\/wp\/v2\/pages\/147\/revisions"}],"predecessor-version":[{"id":1890,"href":"https:\/\/www.dirk-hagedorn.de\/index.php?rest_route=\/wp\/v2\/pages\/147\/revisions\/1890"}],"up":[{"embeddable":true,"href":"https:\/\/www.dirk-hagedorn.de\/index.php?rest_route=\/wp\/v2\/pages\/9"}],"wp:attachment":[{"href":"https:\/\/www.dirk-hagedorn.de\/index.php?rest_route=%2Fwp%2Fv2%2Fmedia&parent=147"}],"curies":[{"name":"wp","href":"https:\/\/api.w.org\/{rel}","templated":true}]}}