{"id":145,"date":"2012-03-19T15:10:19","date_gmt":"2012-03-19T15:10:19","guid":{"rendered":"http:\/\/drk.hgdrn.de\/?page_id=145"},"modified":"2020-09-03T17:29:14","modified_gmt":"2020-09-03T15:29:14","slug":"moveit-32-win","status":"publish","type":"page","link":"https:\/\/www.dirk-hagedorn.de\/?page_id=145","title":{"rendered":"MoveIt 32"},"content":{"rendered":"<p>&nbsp;<\/p>\n<table border=\"0\" cellspacing=\"0\" cellpadding=\"0\">\n<tbody>\n<tr style=\"background: #ccc;\">\n<td><strong>Programm:<\/strong><\/td>\n<td>MoveIt 32<\/td>\n<\/tr>\n<tr>\n<td><strong>Version:<\/strong><\/td>\n<td>1.1 (29. September 1997)<\/td>\n<\/tr>\n<tr>\n<td><strong>Lizenz:<\/strong><\/td>\n<td>Freeware<\/td>\n<\/tr>\n<tr>\n<td valign=\"top\"><strong>Beschreibung:<\/strong><\/td>\n<td>MoveIt ist eine Windows-Version (32 Bit) des Klassikers &#8218;Sokoban&#8216; mit insgesamt 50 Leveln; einer schwerer und verzwickter als der andere. Ziel jedes Levels ist es, eine gewisse Anzahl an Kugeln auf vorgegebene Positionen zu schieben. Das klingt leichter, als gesagt. Und da es manchmal nicht so einfach ist, auf Anhieb eine L\u00f6sung zu finden, unterst\u00fctzt Sie MoveIt durch einige Hilfsfunktionen wie die Sicherung von Spielpositionen oder die R\u00fccknahme des letzten Zuges. Damit man nicht jedesmal wieder beim ersten Level beginnen mu\u00df, wird zu Beginn jedes Levels eine Geheimzahl ausgegeben. Mit dieser Geheimzahl k\u00f6nnen Sie dann sp\u00e4ter einen Level direkt ansteuern. MoveIt ist Freeware.<\/td>\n<\/tr>\n<tr>\n<td><strong>Sprache:<\/strong><\/td>\n<td>Deutsch<\/td>\n<\/tr>\n<tr>\n<td><strong>Download:<\/strong><\/td>\n<td><a title=\"Download\" href=\"\/pub\/win32\/moveit11.zip\">moveit11.zip<\/a> (76.341 Bytes)<\/td>\n<\/tr>\n<tr>\n<td valign=\"top\"><strong>Bildschirmfotos:<\/strong><\/td>\n<td><a href=\"\/static\/windows\/moveit32-screen.gif\"><img loading=\"lazy\" decoding=\"async\" class=\"alignnone\" src=\"\/static\/windows\/moveit32-thumb.gif\" alt=\"\" width=\"245\" height=\"216\" \/><\/a><\/td>\n<\/tr>\n<tr>\n<td><strong>Hinweis:<\/strong><\/td>\n<td>MoveIt ist auch als <a href=\"\/?page_id=147\" title=\"MoveIt 16\">16-Bit-Windows-<\/a> und als Atari-Version verf\u00fcgbar.<\/td>\n<\/tr>\n<\/tbody>\n<\/table>\n","protected":false},"excerpt":{"rendered":"<p>&nbsp; Programm: MoveIt 32 Version: 1.1 (29. September 1997) Lizenz: Freeware Beschreibung: MoveIt ist eine Windows-Version (32 Bit) des Klassikers &#8218;Sokoban&#8216; mit insgesamt 50 Leveln; einer schwerer und verzwickter als der andere. Ziel jedes Levels ist es, eine gewisse Anzahl an Kugeln auf vorgegebene Positionen zu schieben. Das klingt leichter, als gesagt. Und da es <a class=\"more-link\" href=\"https:\/\/www.dirk-hagedorn.de\/?page_id=145\">Weiterlesen\u00a0\u2026<\/a><\/p>\n","protected":false},"author":1,"featured_media":0,"parent":9,"menu_order":20,"comment_status":"open","ping_status":"closed","template":"","meta":{"footnotes":""},"class_list":["post-145","page","type-page","status-publish","hentry"],"_links":{"self":[{"href":"https:\/\/www.dirk-hagedorn.de\/index.php?rest_route=\/wp\/v2\/pages\/145","targetHints":{"allow":["GET"]}}],"collection":[{"href":"https:\/\/www.dirk-hagedorn.de\/index.php?rest_route=\/wp\/v2\/pages"}],"about":[{"href":"https:\/\/www.dirk-hagedorn.de\/index.php?rest_route=\/wp\/v2\/types\/page"}],"author":[{"embeddable":true,"href":"https:\/\/www.dirk-hagedorn.de\/index.php?rest_route=\/wp\/v2\/users\/1"}],"replies":[{"embeddable":true,"href":"https:\/\/www.dirk-hagedorn.de\/index.php?rest_route=%2Fwp%2Fv2%2Fcomments&post=145"}],"version-history":[{"count":9,"href":"https:\/\/www.dirk-hagedorn.de\/index.php?rest_route=\/wp\/v2\/pages\/145\/revisions"}],"predecessor-version":[{"id":1889,"href":"https:\/\/www.dirk-hagedorn.de\/index.php?rest_route=\/wp\/v2\/pages\/145\/revisions\/1889"}],"up":[{"embeddable":true,"href":"https:\/\/www.dirk-hagedorn.de\/index.php?rest_route=\/wp\/v2\/pages\/9"}],"wp:attachment":[{"href":"https:\/\/www.dirk-hagedorn.de\/index.php?rest_route=%2Fwp%2Fv2%2Fmedia&parent=145"}],"curies":[{"name":"wp","href":"https:\/\/api.w.org\/{rel}","templated":true}]}}