{"id":143,"date":"2012-03-19T15:08:50","date_gmt":"2012-03-19T15:08:50","guid":{"rendered":"http:\/\/drk.hgdrn.de\/?page_id=143"},"modified":"2020-09-03T17:28:56","modified_gmt":"2020-09-03T15:28:56","slug":"invers-win","status":"publish","type":"page","link":"https:\/\/www.dirk-hagedorn.de\/?page_id=143","title":{"rendered":"Invers"},"content":{"rendered":"<p>&nbsp;<\/p>\n<table border=\"0\" cellspacing=\"0\" cellpadding=\"0\">\n<tbody>\n<tr style=\"background: #ccc;\">\n<td><strong>Programm:<\/strong><\/td>\n<td>Invers f\u00fcr Windows<\/td>\n<\/tr>\n<tr>\n<td><strong>Version:<\/strong><\/td>\n<td>1.0 (29. Dezember 1997)<\/td>\n<\/tr>\n<tr>\n<td><strong>Lizenz:<\/strong><\/td>\n<td>Freeware<\/td>\n<\/tr>\n<tr>\n<td valign=\"top\"><strong>Beschreibung:<\/strong><\/td>\n<td>Bei Invers finden Sie ein Spielfeld vor, auf dem Spielsteine mit einer wei\u00dfen und schwarzen Seite existieren. Ihre Aufgabe ist es nun, durch Umdrehen dieser Spielsteine daf\u00fcr zu sorgen, da\u00df auf dem gesamten Spielfeld nur noch wei\u00dfe oder schwarze Fl\u00e4chen zu sehen sind. Der Haken dabei ist, da\u00df beim Wenden eines Steines auch alle umliegenden Steine umgedreht werden. Invers ist eine kleine Knobelei f\u00fcr zwischendurch.<\/td>\n<\/tr>\n<tr>\n<td><strong>Sprache:<\/strong><\/td>\n<td>Deutsch<\/td>\n<\/tr>\n<tr>\n<td><strong>Download:<\/strong><\/td>\n<td><a title=\"Download\" href=\"\/pub\/win32\/inv32v10.zip\">inv32v10.zip<\/a> (76341 Bytes)<\/td>\n<\/tr>\n<tr>\n<td valign=\"top\"><strong>Bildschirmfotos:<\/strong><\/td>\n<td><img loading=\"lazy\" decoding=\"async\" class=\"alignnone\" src=\"\/static\/windows\/invers-screen.gif\" alt=\"\" width=\"178\" height=\"216\" \/><\/td>\n<\/tr>\n<tr>\n<td><strong>Hinweis:<\/strong><\/td>\n<td>Invers ist auch als <a href=\"\/?page_id=61\" title=\"PalmOS\">PalmOS<\/a>&#8211; und als <a href=\"\/?page_id=222\" title=\"Invers\">Atari-Version<\/a> verf\u00fcgbar.<\/td>\n<\/tr>\n<\/tbody>\n<\/table>\n","protected":false},"excerpt":{"rendered":"<p>&nbsp; Programm: Invers f\u00fcr Windows Version: 1.0 (29. Dezember 1997) Lizenz: Freeware Beschreibung: Bei Invers finden Sie ein Spielfeld vor, auf dem Spielsteine mit einer wei\u00dfen und schwarzen Seite existieren. Ihre Aufgabe ist es nun, durch Umdrehen dieser Spielsteine daf\u00fcr zu sorgen, da\u00df auf dem gesamten Spielfeld nur noch wei\u00dfe oder schwarze Fl\u00e4chen zu sehen <a class=\"more-link\" href=\"https:\/\/www.dirk-hagedorn.de\/?page_id=143\">Weiterlesen\u00a0\u2026<\/a><\/p>\n","protected":false},"author":1,"featured_media":0,"parent":9,"menu_order":10,"comment_status":"open","ping_status":"closed","template":"","meta":{"footnotes":""},"class_list":["post-143","page","type-page","status-publish","hentry"],"_links":{"self":[{"href":"https:\/\/www.dirk-hagedorn.de\/index.php?rest_route=\/wp\/v2\/pages\/143","targetHints":{"allow":["GET"]}}],"collection":[{"href":"https:\/\/www.dirk-hagedorn.de\/index.php?rest_route=\/wp\/v2\/pages"}],"about":[{"href":"https:\/\/www.dirk-hagedorn.de\/index.php?rest_route=\/wp\/v2\/types\/page"}],"author":[{"embeddable":true,"href":"https:\/\/www.dirk-hagedorn.de\/index.php?rest_route=\/wp\/v2\/users\/1"}],"replies":[{"embeddable":true,"href":"https:\/\/www.dirk-hagedorn.de\/index.php?rest_route=%2Fwp%2Fv2%2Fcomments&post=143"}],"version-history":[{"count":9,"href":"https:\/\/www.dirk-hagedorn.de\/index.php?rest_route=\/wp\/v2\/pages\/143\/revisions"}],"predecessor-version":[{"id":1887,"href":"https:\/\/www.dirk-hagedorn.de\/index.php?rest_route=\/wp\/v2\/pages\/143\/revisions\/1887"}],"up":[{"embeddable":true,"href":"https:\/\/www.dirk-hagedorn.de\/index.php?rest_route=\/wp\/v2\/pages\/9"}],"wp:attachment":[{"href":"https:\/\/www.dirk-hagedorn.de\/index.php?rest_route=%2Fwp%2Fv2%2Fmedia&parent=143"}],"curies":[{"name":"wp","href":"https:\/\/api.w.org\/{rel}","templated":true}]}}