{"id":1222,"date":"2014-09-30T10:43:05","date_gmt":"2014-09-30T08:43:05","guid":{"rendered":"http:\/\/www.dirk-hagedorn.de\/?page_id=1222"},"modified":"2020-09-03T17:44:17","modified_gmt":"2020-09-03T15:44:17","slug":"asus-eb1037-mit-windows7","status":"publish","type":"page","link":"https:\/\/www.dirk-hagedorn.de\/?page_id=1222","title":{"rendered":"Asus EB1037 mit Windows7"},"content":{"rendered":"<p>Die Installation von Windows7 Home Premium 32bit auf eine &#8222;nackte&#8220; <a href=\"http:\/\/www.asus.com\/EeeBox_PCs\/EB1037\/\" target=\"_blank\" rel=\"noopener noreferrer\">Asus Eeebox EB1037<\/a> hat mir einige (zus\u00e4tzliche) graue Haare gekostet.<\/p>\n<p>Zur Installation von der Windows7-DVD wird ein externes USB-DVD-Laufwerk ben\u00f6tigt. Dieses schlie\u00dfe man an einen USB2.0-Port an, an zwei andere USB2.0-Ports Maus und Tastatur. An die (blauen) USB3.0 schlie\u00dft man erst einmal nichts an. Ein Monitor sollte nat\u00fcrlich auch angeschlossen werden, in meinem Falle habe ich den VGA-Port benutzt.<\/p>\n<p>Wir schalten nun die EB1037 ein und erhalten (nat\u00fcrlich da leere Festplatte) die Fehlermeldung, dass kein System gefunden wurde. Die Windows7-Installations-DVD nun ins USB-Laufwerk einlegen und die EB1037 neu starten. Die Installation von Windows7 beginnt und endet in einem Bluescreen (&#8222;not fully AHCI compliant&#8220;). Grund: Das UEFI\/BIOS ist im Ursprungszustand f\u00fcr die Installation von Windows8 eingestellt, und mit diesen kommt Windows7 nicht klar.<\/p>\n<p>Um ins UEFI\/BIOS zu gelangen, schalten wir die EB1037 durch vier Sekunden langes Dr\u00fccken des Ein\/Ausschalters aus, dann wieder ein und tippen dabei auf die Entf-Taste, bis das UEFI\/BIOS erscheint:<\/p>\n<div id=\"attachment_1223\" style=\"width: 490px\" class=\"wp-caption aligncenter\"><a href=\"\/wp-content\/uploads\/2014\/09\/Asus-EB1037-UEFI-BIOS-Main.jpg\"><img loading=\"lazy\" decoding=\"async\" aria-describedby=\"caption-attachment-1223\" class=\"wp-image-1223 size-medium\" src=\"\/wp-content\/uploads\/2014\/09\/Asus-EB1037-UEFI-BIOS-Main-480x360.jpg\" alt=\"Asus-EB1037-UEFI-BIOS-Main\" width=\"480\" height=\"360\" srcset=\"https:\/\/www.dirk-hagedorn.de\/wp-content\/uploads\/2014\/09\/Asus-EB1037-UEFI-BIOS-Main-480x360.jpg 480w, https:\/\/www.dirk-hagedorn.de\/wp-content\/uploads\/2014\/09\/Asus-EB1037-UEFI-BIOS-Main-240x180.jpg 240w, https:\/\/www.dirk-hagedorn.de\/wp-content\/uploads\/2014\/09\/Asus-EB1037-UEFI-BIOS-Main-1024x768.jpg 1024w, https:\/\/www.dirk-hagedorn.de\/wp-content\/uploads\/2014\/09\/Asus-EB1037-UEFI-BIOS-Main.jpg 1280w\" sizes=\"auto, (max-width: 480px) 100vw, 480px\" \/><\/a><p id=\"caption-attachment-1223\" class=\"wp-caption-text\">UEFI BIOS Utility &#8211; Main<\/p><\/div>\n<p>Die Sprache habe ich auf Englisch belassen, weil einige merkw\u00fcrdige \u00dcbersetzungen auftauchen, deren Sinn sich mir nicht direkt erschlossen hat. Gehen wir zuerst auf die Boot-Seite, um die notwendigen \u00c4nderungen durchzuf\u00fchren. Hier habe ich die Fast-Boot-Option abgeschaltet, da ich gerne sehe, was beim Booten passiert. Die Wartezeit f\u00fcr den POST Report ist Geschmacksache. Richtig spannend wird es bei den CSM16-Parameters, auf dieser Seite sollte man alles komplett auf &#8222;Legacy only&#8220; einstellen:<\/p>\n<div id=\"attachment_1224\" style=\"width: 490px\" class=\"wp-caption aligncenter\"><a href=\"\/wp-content\/uploads\/2014\/09\/Asus-EB1037-UEFI-BIOS-Boot-CSM.jpg\"><img loading=\"lazy\" decoding=\"async\" aria-describedby=\"caption-attachment-1224\" class=\"wp-image-1224 size-medium\" src=\"\/wp-content\/uploads\/2014\/09\/Asus-EB1037-UEFI-BIOS-Boot-CSM-480x360.jpg\" alt=\"Boot\\ CSM16 Parameters Compatibility Support Module Configuration\" width=\"480\" height=\"360\" srcset=\"https:\/\/www.dirk-hagedorn.de\/wp-content\/uploads\/2014\/09\/Asus-EB1037-UEFI-BIOS-Boot-CSM-480x360.jpg 480w, https:\/\/www.dirk-hagedorn.de\/wp-content\/uploads\/2014\/09\/Asus-EB1037-UEFI-BIOS-Boot-CSM-240x180.jpg 240w, https:\/\/www.dirk-hagedorn.de\/wp-content\/uploads\/2014\/09\/Asus-EB1037-UEFI-BIOS-Boot-CSM-1024x768.jpg 1024w, https:\/\/www.dirk-hagedorn.de\/wp-content\/uploads\/2014\/09\/Asus-EB1037-UEFI-BIOS-Boot-CSM.jpg 1280w\" sizes=\"auto, (max-width: 480px) 100vw, 480px\" \/><\/a><p id=\"caption-attachment-1224\" class=\"wp-caption-text\">Boot\\ CSM16 Parameters &#8211; Compatibility Support Module Configuration<\/p><\/div>\n<p>Gleich darunter setzt man unter &#8222;Secure Boot menu&#8220; den OS Type auf &#8222;Other OS&#8220;:<\/p>\n<div id=\"attachment_1226\" style=\"width: 490px\" class=\"wp-caption aligncenter\"><a href=\"\/wp-content\/uploads\/2014\/09\/Asus-EB1037-UEFI-BIOS-Boot-SecureBoot.jpg\"><img loading=\"lazy\" decoding=\"async\" aria-describedby=\"caption-attachment-1226\" src=\"\/wp-content\/uploads\/2014\/09\/Asus-EB1037-UEFI-BIOS-Boot-SecureBoot-480x360.jpg\" alt=\"Boot\\ Secure Boot menu - OS Type\" width=\"480\" height=\"360\" class=\"size-medium wp-image-1226\" srcset=\"https:\/\/www.dirk-hagedorn.de\/wp-content\/uploads\/2014\/09\/Asus-EB1037-UEFI-BIOS-Boot-SecureBoot-480x360.jpg 480w, https:\/\/www.dirk-hagedorn.de\/wp-content\/uploads\/2014\/09\/Asus-EB1037-UEFI-BIOS-Boot-SecureBoot-240x180.jpg 240w, https:\/\/www.dirk-hagedorn.de\/wp-content\/uploads\/2014\/09\/Asus-EB1037-UEFI-BIOS-Boot-SecureBoot-1024x768.jpg 1024w, https:\/\/www.dirk-hagedorn.de\/wp-content\/uploads\/2014\/09\/Asus-EB1037-UEFI-BIOS-Boot-SecureBoot.jpg 1280w\" sizes=\"auto, (max-width: 480px) 100vw, 480px\" \/><\/a><p id=\"caption-attachment-1226\" class=\"wp-caption-text\">Boot\\ Secure Boot menu &#8211; OS Type<\/p><\/div>\n<p>Nun geht&#8217;s auf die Advanced-Seite, auf der wir noch einige \u00c4nderungen am UEFI\/BIOS vornehmen m\u00fcssen, ohne die eine Installation von Windows7 auf der EB1037 niemals gelingen wird. Los geht&#8217;s in die Einstellungen der South Bridge und der USB Configuration:<\/p>\n<div id=\"attachment_1227\" style=\"width: 490px\" class=\"wp-caption aligncenter\"><a href=\"\/wp-content\/uploads\/2014\/09\/Asus-EB1037-UEFI-BIOS-Advanced-SouthBridge-USB.jpg\"><img loading=\"lazy\" decoding=\"async\" aria-describedby=\"caption-attachment-1227\" src=\"\/wp-content\/uploads\/2014\/09\/Asus-EB1037-UEFI-BIOS-Advanced-SouthBridge-USB-480x360.jpg\" alt=\"Advanced\\ South Bridge\\ USB Configuration\" width=\"480\" height=\"360\" class=\"size-medium wp-image-1227\" srcset=\"https:\/\/www.dirk-hagedorn.de\/wp-content\/uploads\/2014\/09\/Asus-EB1037-UEFI-BIOS-Advanced-SouthBridge-USB-480x360.jpg 480w, https:\/\/www.dirk-hagedorn.de\/wp-content\/uploads\/2014\/09\/Asus-EB1037-UEFI-BIOS-Advanced-SouthBridge-USB-240x180.jpg 240w, https:\/\/www.dirk-hagedorn.de\/wp-content\/uploads\/2014\/09\/Asus-EB1037-UEFI-BIOS-Advanced-SouthBridge-USB-1024x768.jpg 1024w, https:\/\/www.dirk-hagedorn.de\/wp-content\/uploads\/2014\/09\/Asus-EB1037-UEFI-BIOS-Advanced-SouthBridge-USB.jpg 1280w\" sizes=\"auto, (max-width: 480px) 100vw, 480px\" \/><\/a><p id=\"caption-attachment-1227\" class=\"wp-caption-text\">Advanced\\ South Bridge\\ USB Configuration<\/p><\/div>\n<p><strong>Wichtig:<\/strong> Der XHCI Mode <strong>muss<\/strong> (!) auf Disabled stehen. Andernfalls bleibt die Windows7-Installation gleich beim ersten Bildschirm h\u00e4ngen (den Spracheinstellungen) und friert ein.<\/p>\n<p>Weiter geht es mit den Einstellungen unter LPSS &#038; SCC Configuration. Hier stellen wir das Betriebssystem auf &#8222;Windows 7&#8220; (voreingestellt ist Windows 8.x). Tipp: Wer Linux auf die EB1037 installieren m\u00f6chte, w\u00e4hle hier &#8222;Android&#8220;:<\/p>\n<div id=\"attachment_1228\" style=\"width: 490px\" class=\"wp-caption aligncenter\"><a href=\"\/wp-content\/uploads\/2014\/09\/Asus-EB1037-UEFI-BIOS-Advanced-LPSS-SCC.jpg\"><img loading=\"lazy\" decoding=\"async\" aria-describedby=\"caption-attachment-1228\" src=\"\/wp-content\/uploads\/2014\/09\/Asus-EB1037-UEFI-BIOS-Advanced-LPSS-SCC-480x360.jpg\" alt=\"Advanced\\ LPSS &amp; SCC Configuration\" width=\"480\" height=\"360\" class=\"size-medium wp-image-1228\" srcset=\"https:\/\/www.dirk-hagedorn.de\/wp-content\/uploads\/2014\/09\/Asus-EB1037-UEFI-BIOS-Advanced-LPSS-SCC-480x360.jpg 480w, https:\/\/www.dirk-hagedorn.de\/wp-content\/uploads\/2014\/09\/Asus-EB1037-UEFI-BIOS-Advanced-LPSS-SCC-240x180.jpg 240w, https:\/\/www.dirk-hagedorn.de\/wp-content\/uploads\/2014\/09\/Asus-EB1037-UEFI-BIOS-Advanced-LPSS-SCC-1024x768.jpg 1024w, https:\/\/www.dirk-hagedorn.de\/wp-content\/uploads\/2014\/09\/Asus-EB1037-UEFI-BIOS-Advanced-LPSS-SCC.jpg 1280w\" sizes=\"auto, (max-width: 480px) 100vw, 480px\" \/><\/a><p id=\"caption-attachment-1228\" class=\"wp-caption-text\">Advanced\\ LPSS &#038; SCC Configuration<\/p><\/div>\n<p>Unter Trusted Computing schalten wir noch den Security Device Support ab (sofern noch aktiviert):<\/p>\n<div id=\"attachment_1229\" style=\"width: 490px\" class=\"wp-caption aligncenter\"><a href=\"\/wp-content\/uploads\/2014\/09\/Asus-EB1037-UEFI-BIOS-Advanced-Trusted.jpg\"><img loading=\"lazy\" decoding=\"async\" aria-describedby=\"caption-attachment-1229\" src=\"\/wp-content\/uploads\/2014\/09\/Asus-EB1037-UEFI-BIOS-Advanced-Trusted-480x360.jpg\" alt=\"Advanced\\ Trusted Computing - Security Device Support\" width=\"480\" height=\"360\" class=\"size-medium wp-image-1229\" srcset=\"https:\/\/www.dirk-hagedorn.de\/wp-content\/uploads\/2014\/09\/Asus-EB1037-UEFI-BIOS-Advanced-Trusted-480x360.jpg 480w, https:\/\/www.dirk-hagedorn.de\/wp-content\/uploads\/2014\/09\/Asus-EB1037-UEFI-BIOS-Advanced-Trusted-240x180.jpg 240w, https:\/\/www.dirk-hagedorn.de\/wp-content\/uploads\/2014\/09\/Asus-EB1037-UEFI-BIOS-Advanced-Trusted-1024x768.jpg 1024w, https:\/\/www.dirk-hagedorn.de\/wp-content\/uploads\/2014\/09\/Asus-EB1037-UEFI-BIOS-Advanced-Trusted.jpg 1280w\" sizes=\"auto, (max-width: 480px) 100vw, 480px\" \/><\/a><p id=\"caption-attachment-1229\" class=\"wp-caption-text\">Advanced\\ Trusted Computing &#8211; Security Device Support<\/p><\/div>\n<p>Und schlie\u00dflich schalten wir unter USB Configuration noch den XHCI und EHCI Hand-off ab, auch wenn ich mir gerade nicht sicher bin, ob dies erforderlich ist. Jedenfalls ist es mir mit diesen Einstellungen gelungen, Windows7 zu installieren.<\/p>\n<div id=\"attachment_1230\" style=\"width: 490px\" class=\"wp-caption aligncenter\"><a href=\"\/wp-content\/uploads\/2014\/09\/Asus-EB1037-UEFI-BIOS-Advanced-USB.jpg\"><img loading=\"lazy\" decoding=\"async\" aria-describedby=\"caption-attachment-1230\" src=\"\/wp-content\/uploads\/2014\/09\/Asus-EB1037-UEFI-BIOS-Advanced-USB-480x360.jpg\" alt=\"Advanced\\ USB Configuration\" width=\"480\" height=\"360\" class=\"size-medium wp-image-1230\" srcset=\"https:\/\/www.dirk-hagedorn.de\/wp-content\/uploads\/2014\/09\/Asus-EB1037-UEFI-BIOS-Advanced-USB-480x360.jpg 480w, https:\/\/www.dirk-hagedorn.de\/wp-content\/uploads\/2014\/09\/Asus-EB1037-UEFI-BIOS-Advanced-USB-240x180.jpg 240w, https:\/\/www.dirk-hagedorn.de\/wp-content\/uploads\/2014\/09\/Asus-EB1037-UEFI-BIOS-Advanced-USB-1024x768.jpg 1024w, https:\/\/www.dirk-hagedorn.de\/wp-content\/uploads\/2014\/09\/Asus-EB1037-UEFI-BIOS-Advanced-USB.jpg 1280w\" sizes=\"auto, (max-width: 480px) 100vw, 480px\" \/><\/a><p id=\"caption-attachment-1230\" class=\"wp-caption-text\">Advanced\\ USB Configuration<\/p><\/div>\n<p>Mit F10 werden die \u00c4nderungen am UEFI\/BIOS nun gesichert und Windows7 erfolgreich von der DVD installiert.<\/p>\n<p>Nach erfolgtem Neustart erkennt man jedoch, dass reichlich Ger\u00e4te von Windows7 nicht erkannt wurden. Die Asus-Support-Seite biete f\u00fcr die 32bit-Version von Windows7 leider keine Treiber, aber hier bin ich dennoch f\u00fcndig geworden:<\/p>\n<p><strong>WLAN<\/strong><\/p>\n<p>Unter <a href=\"http:\/\/www.asus.com\/Commercial_Desktops\/EB1037\/HelpDesk_Download\/\" target=\"_blank\" rel=\"noopener noreferrer\">Windows7 64bit findet man unter Wireless<\/a> den Treiber &#8222;<a href=\"http:\/\/dlcdnet.asus.com\/pub\/ASUS\/DigitalHome\/DAV\/Driver_for_Win8_1\/Wireless\/WLAN_LITEON_WN6607AH-AD_Win7_81_VER1000270.zip\" target=\"_blank\" rel=\"noopener noreferrer\">Liteon Wireless Lan Driver and Application<\/a>&#8222;. Im ZIP-Archiv findet man im Verzeichnis Win8.1_Wifi_&#8230;\/ndis6xWin7\/ funktionierende WLAN-Treiber; dieses Verzeichnis auf dem ZIP-Archiv irgendwohin extrahieren und f\u00fcr die Treiberaktualisierung im Ger\u00e4temanager verwenden.<\/p>\n<p>F\u00fcr die weiteren noch unbekannten Ger\u00e4te habe ich noch keine Treiber gefunden. Fortsetzung folgt&#8230;<\/p>\n<p><strong>Update 12.02.2015:<\/strong><\/p>\n<p>Herr Stephan Herrschildt ist weiter vorgedrungen als ich seinerzeit. Mir reicht bis heute obige Konfiguration (WLAN l\u00e4uft und die VGA-Treiber reichen aus). Wer mehr will, f\u00fcr den werden folgende Informationen von Herrn Herrschildt sicherlich sehr n\u00fctzlich sein, die ich mit seiner Erlaubnis hier wiedergebe:<\/p>\n<blockquote><p>Der zweite Rechner ist vollst\u00e4ndig fertig&#8230;\u00b0<\/p>\n<p>Der Weg dahin:<\/p>\n<ol>\n<li>Ihre Anleitung f\u00fcr das BIOS-Setup<\/li>\n<li>Anschluss eines externen CD\/DVD-Laufwerks (USB)<\/li>\n<li>Von WIN7-32bit-Medium [ULTIMATE] installieren<\/li>\n<li>Folgende Treiber EINZELN von der dem Ger\u00e4t beiliegenden CD installieren\n<ul>\n<li>INTEL Chipsatz-Treiber<\/li>\n<li>Realtek LAN-Treiber<\/li>\n<li>WLAN-Treiber<\/li>\n<li>Alcor Kartenlese-Treiber<\/li>\n<li>USB 3.0-Treiber<\/li>\n<\/ul>\n<\/li>\n<li>INTEL TXE-Treiber installieren<\/li>\n<li>INTEL Grafik-Treiber [WIN_7_32_36_15_0_1073] installieren<\/li>\n<li>NVIDIA Grafik-Treiber [347.52-Desktop-WIN8-WIN7-WINVista-32bit] installieren<\/li>\n<li>-WOHLF\u00dcHLEN-<\/li>\n<\/ol>\n<\/blockquote>\n","protected":false},"excerpt":{"rendered":"<p>Die Installation von Windows7 Home Premium 32bit auf eine &#8222;nackte&#8220; Asus Eeebox EB1037 hat mir einige (zus\u00e4tzliche) graue Haare gekostet. Zur Installation von der Windows7-DVD wird ein externes USB-DVD-Laufwerk ben\u00f6tigt. Dieses schlie\u00dfe man an einen USB2.0-Port an, an zwei andere USB2.0-Ports Maus und Tastatur. An die (blauen) USB3.0 schlie\u00dft man erst einmal nichts an. Ein <a class=\"more-link\" href=\"https:\/\/www.dirk-hagedorn.de\/?page_id=1222\">Weiterlesen\u00a0\u2026<\/a><\/p>\n","protected":false},"author":1,"featured_media":0,"parent":785,"menu_order":0,"comment_status":"open","ping_status":"closed","template":"","meta":{"footnotes":""},"class_list":["post-1222","page","type-page","status-publish","hentry"],"_links":{"self":[{"href":"https:\/\/www.dirk-hagedorn.de\/index.php?rest_route=\/wp\/v2\/pages\/1222","targetHints":{"allow":["GET"]}}],"collection":[{"href":"https:\/\/www.dirk-hagedorn.de\/index.php?rest_route=\/wp\/v2\/pages"}],"about":[{"href":"https:\/\/www.dirk-hagedorn.de\/index.php?rest_route=\/wp\/v2\/types\/page"}],"author":[{"embeddable":true,"href":"https:\/\/www.dirk-hagedorn.de\/index.php?rest_route=\/wp\/v2\/users\/1"}],"replies":[{"embeddable":true,"href":"https:\/\/www.dirk-hagedorn.de\/index.php?rest_route=%2Fwp%2Fv2%2Fcomments&post=1222"}],"version-history":[{"count":5,"href":"https:\/\/www.dirk-hagedorn.de\/index.php?rest_route=\/wp\/v2\/pages\/1222\/revisions"}],"predecessor-version":[{"id":1918,"href":"https:\/\/www.dirk-hagedorn.de\/index.php?rest_route=\/wp\/v2\/pages\/1222\/revisions\/1918"}],"up":[{"embeddable":true,"href":"https:\/\/www.dirk-hagedorn.de\/index.php?rest_route=\/wp\/v2\/pages\/785"}],"wp:attachment":[{"href":"https:\/\/www.dirk-hagedorn.de\/index.php?rest_route=%2Fwp%2Fv2%2Fmedia&parent=1222"}],"curies":[{"name":"wp","href":"https:\/\/api.w.org\/{rel}","templated":true}]}}