{"id":118,"date":"2012-03-19T14:33:08","date_gmt":"2012-03-19T14:33:08","guid":{"rendered":"http:\/\/drk.hgdrn.de\/?page_id=118"},"modified":"2020-09-03T17:36:47","modified_gmt":"2020-09-03T15:36:47","slug":"euroconv-palm","status":"publish","type":"page","link":"https:\/\/www.dirk-hagedorn.de\/?page_id=118","title":{"rendered":"EuroConv"},"content":{"rendered":"<p>&nbsp;<\/p>\n<table border=\"0\" cellspacing=\"0\" cellpadding=\"0\">\n<tbody>\n<tr style=\"background: #ccc;\">\n<td><strong>Programm:<\/strong><\/td>\n<td>EuroConv f\u00fcr Palm<\/td>\n<\/tr>\n<tr>\n<td><strong>Version:<\/strong><\/td>\n<td>1.03 (23. Februar 2002)<\/td>\n<\/tr>\n<tr>\n<td><strong>Lizenz:<\/strong><\/td>\n<td>Freeware<\/td>\n<\/tr>\n<tr>\n<td valign=\"top\"><strong>Beschreibung:<\/strong><\/td>\n<td>EuroConv ist ein kleines Programm zur W\u00e4hrungs-Umrechung. In der Anzeige k\u00f6nnen zwei W\u00e4hrungen ausgew\u00e4hlt werden, wobei die Wechselkurse der am Euro teilnehmenden Staaten bereits im Programm fest vorgegeben sind und damit direkt verf\u00fcgbar sind. Daneben k\u00f6nnen acht W\u00e4hrungen vom Benutzer konfiguriert werden. Eingegebene Werte werden direkt in die Zweitw\u00e4hrung umgerechnet, wobei auf zwei oder drei Stellen gerundet oder auf die Rundung verzichtet werden kann. F\u00fcr die Anzeige wird der gro\u00dfe LED-Font des Palm benutzt. Sobald die Werte zu lang werden, wird automatisch auf den n\u00e4chstkleineren Font umgeschaltet, so da\u00df auch ellenlange Zahlen noch gut lesbar sind. Copy\/Paste zur Weitergabe der Zahlen an andere bzw. \u00dcbernahme aus anderen Programmen wird unterst\u00fctzt.<\/td>\n<\/tr>\n<tr>\n<td><strong>Sprache:<\/strong><\/td>\n<td>Englisch<\/td>\n<\/tr>\n<tr>\n<td><strong>Download:<\/strong><\/td>\n<td><a title=\"Download\" href=\"\/pub\/palmos\/euroconv-palm-103.zip\">euroconv-palm-103.zip<\/a> (12.777 Bytes)<\/td>\n<\/tr>\n<tr>\n<td valign=\"top\"><strong>Bildschirmfotos:<\/strong><\/td>\n<td><img loading=\"lazy\" decoding=\"async\" class=\"alignnone\" src=\"\/static\/palm\/euroconv-103-ani.gif\" alt=\"\" width=\"160\" height=\"160\" \/><\/td>\n<\/tr>\n<tr style=\"background: #ccc;\">\n<td><strong>Historie:<\/strong><\/td>\n<td>&nbsp;<\/td>\n<\/tr>\n<tr>\n<td valign=\"top\">1.03<\/td>\n<td>\u00c4nderungen an den Userdefined Currencies wurden erst nach Neustart wirksam.<\/td>\n<\/tr>\n<tr>\n<td valign=\"top\">1.02<\/td>\n<td>Bug bei der Anzeige von Zahlen beseitigt, wenn &#8218;1000.00&#8216; als Nummernformat eingestellt war.<\/td>\n<\/tr>\n<tr>\n<td valign=\"top\">1.00<\/td>\n<td>Verwirrendes Label im Preferences-Dialog umbenannt. Die Standardwerte der benutzerdefinierten W\u00e4hrungen wurden aktualisiert.<\/td>\n<\/tr>\n<tr>\n<td valign=\"top\">0.97 beta<\/td>\n<td>Erstver\u00f6ffentlichung<\/td>\n<\/tr>\n<\/tbody>\n<\/table>\n","protected":false},"excerpt":{"rendered":"<p>&nbsp; Programm: EuroConv f\u00fcr Palm Version: 1.03 (23. Februar 2002) Lizenz: Freeware Beschreibung: EuroConv ist ein kleines Programm zur W\u00e4hrungs-Umrechung. In der Anzeige k\u00f6nnen zwei W\u00e4hrungen ausgew\u00e4hlt werden, wobei die Wechselkurse der am Euro teilnehmenden Staaten bereits im Programm fest vorgegeben sind und damit direkt verf\u00fcgbar sind. Daneben k\u00f6nnen acht W\u00e4hrungen vom Benutzer konfiguriert werden. <a class=\"more-link\" href=\"https:\/\/www.dirk-hagedorn.de\/?page_id=118\">Weiterlesen\u00a0\u2026<\/a><\/p>\n","protected":false},"author":1,"featured_media":0,"parent":11,"menu_order":30,"comment_status":"open","ping_status":"closed","template":"","meta":{"footnotes":""},"class_list":["post-118","page","type-page","status-publish","hentry"],"_links":{"self":[{"href":"https:\/\/www.dirk-hagedorn.de\/index.php?rest_route=\/wp\/v2\/pages\/118","targetHints":{"allow":["GET"]}}],"collection":[{"href":"https:\/\/www.dirk-hagedorn.de\/index.php?rest_route=\/wp\/v2\/pages"}],"about":[{"href":"https:\/\/www.dirk-hagedorn.de\/index.php?rest_route=\/wp\/v2\/types\/page"}],"author":[{"embeddable":true,"href":"https:\/\/www.dirk-hagedorn.de\/index.php?rest_route=\/wp\/v2\/users\/1"}],"replies":[{"embeddable":true,"href":"https:\/\/www.dirk-hagedorn.de\/index.php?rest_route=%2Fwp%2Fv2%2Fcomments&post=118"}],"version-history":[{"count":9,"href":"https:\/\/www.dirk-hagedorn.de\/index.php?rest_route=\/wp\/v2\/pages\/118\/revisions"}],"predecessor-version":[{"id":1907,"href":"https:\/\/www.dirk-hagedorn.de\/index.php?rest_route=\/wp\/v2\/pages\/118\/revisions\/1907"}],"up":[{"embeddable":true,"href":"https:\/\/www.dirk-hagedorn.de\/index.php?rest_route=\/wp\/v2\/pages\/11"}],"wp:attachment":[{"href":"https:\/\/www.dirk-hagedorn.de\/index.php?rest_route=%2Fwp%2Fv2%2Fmedia&parent=118"}],"curies":[{"name":"wp","href":"https:\/\/api.w.org\/{rel}","templated":true}]}}