{"id":113,"date":"2012-03-19T14:26:57","date_gmt":"2012-03-19T14:26:57","guid":{"rendered":"http:\/\/drk.hgdrn.de\/?page_id=113"},"modified":"2020-09-03T17:36:28","modified_gmt":"2020-09-03T15:36:28","slug":"solitaire-palm","status":"publish","type":"page","link":"https:\/\/www.dirk-hagedorn.de\/?page_id=113","title":{"rendered":"Solitaire"},"content":{"rendered":"<p>&nbsp;<\/p>\n<table border=\"0\" cellspacing=\"0\" cellpadding=\"0\">\n<tbody>\n<tr style=\"background: #ccc;\">\n<td><strong>Programm:<\/strong><\/td>\n<td>Solitaire f\u00fcr Palm (17. Oktober 2001)<\/td>\n<\/tr>\n<tr>\n<td><strong>Version:<\/strong><\/td>\n<td>1.0<\/td>\n<\/tr>\n<tr>\n<td><strong>Lizenz:<\/strong><\/td>\n<td>Freeware<\/td>\n<\/tr>\n<tr>\n<td valign=\"top\"><strong>Beschreibung:<\/strong><\/td>\n<td>Solitaire ist ein Spiel, bei dem man Kugeln durch gegenseitiges \u00dcberspringen bis auf eine dezimieren mu\u00df. Dabei existieren verschiedene Ausgangspositionen, nat\u00fcrlich auch die klassische mit nur einer freien Stelle in der Mitte des Spielfeldes.<\/td>\n<\/tr>\n<tr>\n<td><strong>Sprache:<\/strong><\/td>\n<td>Englisch<\/td>\n<\/tr>\n<tr>\n<td><strong>Download:<\/strong><\/td>\n<td><a title=\"Download\" href=\"\/pub\/palmos\/solitaire-palm-10.zip\">solitaire_palm_10.zip<\/a> (5.087 Bytes)<\/td>\n<\/tr>\n<tr>\n<td valign=\"top\"><strong>Bildschirmfotos:<\/strong><\/td>\n<td><img loading=\"lazy\" decoding=\"async\" class=\"alignnone\" src=\"\/static\/palm\/solitaire-ani.gif\" alt=\"\" width=\"160\" height=\"160\" \/><\/td>\n<\/tr>\n<tr>\n<td><strong>Hinweis:<\/strong><\/td>\n<td>Invers ist auch als Atari-Version verf\u00fcgbar.<\/td>\n<\/tr>\n<tr style=\"background: #ccc;\">\n<td><strong>Historie:<\/strong><\/td>\n<td>&nbsp;<\/td>\n<\/tr>\n<tr>\n<td valign=\"top\">1.0<\/td>\n<td>Erstver\u00f6ffentlichung<\/td>\n<\/tr>\n<\/tbody>\n<\/table>\n","protected":false},"excerpt":{"rendered":"<p>&nbsp; Programm: Solitaire f\u00fcr Palm (17. Oktober 2001) Version: 1.0 Lizenz: Freeware Beschreibung: Solitaire ist ein Spiel, bei dem man Kugeln durch gegenseitiges \u00dcberspringen bis auf eine dezimieren mu\u00df. Dabei existieren verschiedene Ausgangspositionen, nat\u00fcrlich auch die klassische mit nur einer freien Stelle in der Mitte des Spielfeldes. Sprache: Englisch Download: solitaire_palm_10.zip (5.087 Bytes) Bildschirmfotos: Hinweis: <a class=\"more-link\" href=\"https:\/\/www.dirk-hagedorn.de\/?page_id=113\">Weiterlesen\u00a0\u2026<\/a><\/p>\n","protected":false},"author":1,"featured_media":0,"parent":11,"menu_order":20,"comment_status":"open","ping_status":"closed","template":"","meta":{"footnotes":""},"class_list":["post-113","page","type-page","status-publish","hentry"],"_links":{"self":[{"href":"https:\/\/www.dirk-hagedorn.de\/index.php?rest_route=\/wp\/v2\/pages\/113","targetHints":{"allow":["GET"]}}],"collection":[{"href":"https:\/\/www.dirk-hagedorn.de\/index.php?rest_route=\/wp\/v2\/pages"}],"about":[{"href":"https:\/\/www.dirk-hagedorn.de\/index.php?rest_route=\/wp\/v2\/types\/page"}],"author":[{"embeddable":true,"href":"https:\/\/www.dirk-hagedorn.de\/index.php?rest_route=\/wp\/v2\/users\/1"}],"replies":[{"embeddable":true,"href":"https:\/\/www.dirk-hagedorn.de\/index.php?rest_route=%2Fwp%2Fv2%2Fcomments&post=113"}],"version-history":[{"count":9,"href":"https:\/\/www.dirk-hagedorn.de\/index.php?rest_route=\/wp\/v2\/pages\/113\/revisions"}],"predecessor-version":[{"id":1905,"href":"https:\/\/www.dirk-hagedorn.de\/index.php?rest_route=\/wp\/v2\/pages\/113\/revisions\/1905"}],"up":[{"embeddable":true,"href":"https:\/\/www.dirk-hagedorn.de\/index.php?rest_route=\/wp\/v2\/pages\/11"}],"wp:attachment":[{"href":"https:\/\/www.dirk-hagedorn.de\/index.php?rest_route=%2Fwp%2Fv2%2Fmedia&parent=113"}],"curies":[{"name":"wp","href":"https:\/\/api.w.org\/{rel}","templated":true}]}}