{"id":11,"date":"2012-03-17T16:13:04","date_gmt":"2012-03-17T15:13:04","guid":{"rendered":"http:\/\/drk.hgdrn.de\/?page_id=11"},"modified":"2020-09-03T17:34:31","modified_gmt":"2020-09-03T15:34:31","slug":"palm","status":"publish","type":"page","link":"https:\/\/www.dirk-hagedorn.de\/?page_id=11","title":{"rendered":"Palm"},"content":{"rendered":"<div style=\"width: 210px\" class=\"wp-caption alignright\"><a href=\"https:\/\/upload.wikimedia.org\/wikipedia\/commons\/thumb\/8\/86\/Palm_III_24.jpg\/472px-Palm_III_24.jpg\" target=\"_blank\" rel=\"noopener noreferrer\"><img loading=\"lazy\" decoding=\"async\" title=\"Palm III\" src=\"https:\/\/upload.wikimedia.org\/wikipedia\/commons\/thumb\/8\/86\/Palm_III_24.jpg\/200px-Palm_III_24.jpg\" alt=\"Palm III\" width=\"200\" height=\"204\" \/><\/a><p class=\"wp-caption-text\">Foto: Museo8bits (CC BY-SA 2.5)<\/p><\/div>\n<p>Der <a href=\"https:\/\/de.wikipedia.org\/wiki\/HP_Palm\" target=\"_blank\" rel=\"noopener noreferrer\">Palm<\/a> III hat mir seinerzeit treue Dienste geleistet. Und da man mit den frei erh\u00e4ltlichen prc-Tools und dem GCC damals f\u00fcr lau Programme f\u00fcr den Palm erstellen konnte, musste ich das gleich einmal ausprobieren. War alles ein wenig fummelig, die Turn-Around-Zeiten etwas lang und der Emulator g\u00e4hnend langsam, aber es ging irgendwie. Ein DIN-A4-Ordner ausgedruckte HowTos reichten, Fachliteratur von Addison Wesley und Co. waren nicht n\u00f6tig, um sich ein paar Kleinigkeiten zusammen zu schrauben.<\/p>\n<p>Der Palm III liegt heute noch in der Schublade. Am Ende hatte er einen kleinen Wackelkontakt am Batteriestecker und der Bildschirm summte irgendwie komisch, aber die Jahre davor war er ein treuer Begleiter, mit dem ich sogar &#8211; \u00fcber Infrarotport gekoppelt &#8211; mit einem Nokia 6210 \u00fcber POP3 meine E-Mails bei GMX abrufen, lesen und beantworten konnte. (<strong>Update:<\/strong> <a href=\"https:\/\/techniktagebuch.tumblr.com\/post\/128095240843\/august-2001\" target=\"_blank\" rel=\"noopener noreferrer\">Diese Anekdote<\/a> habe ich im <a href=\"https:\/\/techniktagebuch.tumblr.com\/post\/128095240843\/august-2001\" target=\"_blank\" rel=\"noopener noreferrer\">Techniktagebuch<\/a> erz\u00e4hlt.) Wo heute ein iPhone oder Android-Phone nach 24 Stunden StandBy wieder an die Ladestation muss, hielt der Palm III damals mit zwei AAA-Batterien bis zu einer Woche durch. Und die Synchronisation der Kontake, Termine, Aufgaben und Notizen mit Outlook funktionierte immer schnell und reibungslos auf Knopfdruck.<\/p>\n<table border=\"0\" cellspacing=\"2\" cellpadding=\"2\">\n<tbody>\n<tr style=\"background: #ccc;\">\n<td colspan=\"5\"><strong>Spiele<\/strong><\/td>\n<\/tr>\n<tr style=\"background: #eee;\">\n<td><\/td>\n<td>Programm<\/td>\n<td>Version<\/td>\n<td>Lizenz<\/td>\n<td>Kurzinfo<\/td>\n<\/tr>\n<tr>\n<td><a href=\"\/?page_id=61\"><img loading=\"lazy\" decoding=\"async\" src=\"\/static\/palm\/invers-icon.gif\" alt=\"\" width=\"21\" height=\"21\" border=\"0\" \/><\/a><\/td>\n<td><img loading=\"lazy\" decoding=\"async\" src=\"\/static\/triblk08.gif\" alt=\"\" width=\"8\" height=\"8\" border=\"0\" \/>\u00a0<a title=\"Invers f\u00fcr Palm\" href=\"\/?page_id=61\">Invers<\/a><\/td>\n<td>1.0<\/td>\n<td>Freeware<\/td>\n<td>Farbe von Spielsteinen invertieren<\/td>\n<\/tr>\n<tr>\n<td><a href=\"\/?page_id=113\"><img loading=\"lazy\" decoding=\"async\" src=\"\/static\/palm\/solitaire-icon.gif\" alt=\"\" width=\"21\" height=\"21\" border=\"0\" \/><\/a><\/td>\n<td><img loading=\"lazy\" decoding=\"async\" src=\"\/static\/triblk08.gif\" alt=\"\" width=\"8\" height=\"8\" border=\"0\" \/>\u00a0<a href=\"\/?page_id=113\">Solitaire<\/a><\/td>\n<td>1.0<\/td>\n<td>Freeware<\/td>\n<td><\/td>\n<\/tr>\n<tr style=\"background: #ccc;\">\n<td colspan=\"5\"><strong>Tools<\/strong><\/td>\n<\/tr>\n<tr style=\"background: #eee;\">\n<td><\/td>\n<td>Programm<\/td>\n<td>Version<\/td>\n<td>Lizenz<\/td>\n<td>Kurzinfo<\/td>\n<\/tr>\n<tr>\n<td><a href=\"\/?page_id=118\"><img loading=\"lazy\" decoding=\"async\" src=\"\/static\/palm\/euroconv-icon.gif\" alt=\"\" width=\"21\" height=\"21\" border=\"0\" \/><\/a><\/td>\n<td><img loading=\"lazy\" decoding=\"async\" src=\"\/static\/triblk08.gif\" alt=\"\" width=\"8\" height=\"8\" border=\"0\" \/>\u00a0<a href=\"\/?page_id=118\">EuroConv<\/a><\/td>\n<td>1.03<\/td>\n<td>Freeware<\/td>\n<td>W\u00e4hrungsumrechner<\/td>\n<\/tr>\n<tr>\n<td><a href=\"\/?page_id=122\"><img loading=\"lazy\" decoding=\"async\" src=\"\/static\/palm\/baseconv-icon.gif\" alt=\"\" width=\"21\" height=\"21\" border=\"0\" \/><\/a><\/td>\n<td><img loading=\"lazy\" decoding=\"async\" src=\"\/static\/triblk08.gif\" alt=\"\" width=\"8\" height=\"8\" border=\"0\" \/>\u00a0<a href=\"\/?page_id=122\">BaseConv<\/a><\/td>\n<td>0.95 beta<\/td>\n<td>Freeware<\/td>\n<td>Zahlenbasisumrechner<\/td>\n<\/tr>\n<\/tbody>\n<\/table>\n<p>&nbsp;<\/p>\n","protected":false},"excerpt":{"rendered":"<p>Der Palm III hat mir seinerzeit treue Dienste geleistet. Und da man mit den frei erh\u00e4ltlichen prc-Tools und dem GCC damals f\u00fcr lau Programme f\u00fcr den Palm erstellen konnte, musste ich das gleich einmal ausprobieren. War alles ein wenig fummelig, die Turn-Around-Zeiten etwas lang und der Emulator g\u00e4hnend langsam, aber es ging irgendwie. Ein DIN-A4-Ordner <a class=\"more-link\" href=\"https:\/\/www.dirk-hagedorn.de\/?page_id=11\">Weiterlesen\u00a0\u2026<\/a><\/p>\n","protected":false},"author":1,"featured_media":0,"parent":4,"menu_order":2,"comment_status":"open","ping_status":"closed","template":"","meta":{"footnotes":""},"class_list":["post-11","page","type-page","status-publish","hentry"],"_links":{"self":[{"href":"https:\/\/www.dirk-hagedorn.de\/index.php?rest_route=\/wp\/v2\/pages\/11","targetHints":{"allow":["GET"]}}],"collection":[{"href":"https:\/\/www.dirk-hagedorn.de\/index.php?rest_route=\/wp\/v2\/pages"}],"about":[{"href":"https:\/\/www.dirk-hagedorn.de\/index.php?rest_route=\/wp\/v2\/types\/page"}],"author":[{"embeddable":true,"href":"https:\/\/www.dirk-hagedorn.de\/index.php?rest_route=\/wp\/v2\/users\/1"}],"replies":[{"embeddable":true,"href":"https:\/\/www.dirk-hagedorn.de\/index.php?rest_route=%2Fwp%2Fv2%2Fcomments&post=11"}],"version-history":[{"count":29,"href":"https:\/\/www.dirk-hagedorn.de\/index.php?rest_route=\/wp\/v2\/pages\/11\/revisions"}],"predecessor-version":[{"id":1901,"href":"https:\/\/www.dirk-hagedorn.de\/index.php?rest_route=\/wp\/v2\/pages\/11\/revisions\/1901"}],"up":[{"embeddable":true,"href":"https:\/\/www.dirk-hagedorn.de\/index.php?rest_route=\/wp\/v2\/pages\/4"}],"wp:attachment":[{"href":"https:\/\/www.dirk-hagedorn.de\/index.php?rest_route=%2Fwp%2Fv2%2Fmedia&parent=11"}],"curies":[{"name":"wp","href":"https:\/\/api.w.org\/{rel}","templated":true}]}}